{"id":21536,"date":"2019-01-18T14:22:29","date_gmt":"2019-01-18T14:22:29","guid":{"rendered":"https:\/\/www.kaliop.com\/\/mentions-legales\/"},"modified":"2019-12-19T17:49:48","modified_gmt":"2019-12-19T17:49:48","slug":"legal-notice","status":"publish","type":"page","link":"https:\/\/www.kaliop.com\/en\/legal-notice\/","title":{"rendered":"Legal notice &#8211; credits"},"content":{"rendered":"<p>KALIOP est une Soci\u00e9t\u00e9 par Actions Simplifi\u00e9e (S.A.S) au capital de 250 000\u20ac \/ SIREN : 442 637 831 \u2013 RCS Montpellier APE : 6201Z \u2013 TVA FR 92 442 637 831<\/p>\n<p>Kaliop est propri\u00e9taire de la marque commerciale Kaliop et g\u00e8re le site www.kaliop.fr<\/p>\n<ul>\n<li>Repr\u00e9sentant l\u00e9gal : Fran\u00e7oise Nauton, Directrice g\u00e9n\u00e9rale<\/li>\n<li>Responsable de la r\u00e9daction : Emmanuel Martin, Directeur commercial<\/li>\n<li>Conception \/ D\u00e9veloppement \/ H\u00e9bergement : Kaliop<\/li>\n<\/ul>\n<p>En cas de questions sur la pr\u00e9sente Politique de confidentialit\u00e9 ou sur notre traitement des informations que vous nous fournissez, veuillez nous contacter par e-mail (info@kaliop.com).<\/p>\n<h1>Modification de la politique de confidentialit\u00e9<\/h1>\n<p>Nous pourrons \u00eatre amen\u00e9s \u00e0 modifier ponctuellement la pr\u00e9sente Politique de confidentialit\u00e9 en publiant une nouvelle version en ligne. Nous vous conseillons donc de consulter cette page r\u00e9guli\u00e8rement pour vous informer des modifications \u00e9ventuelles. En cas de modification importante, nous vous aviserons en publiant la version r\u00e9vis\u00e9e de la Politique de confidentialit\u00e9 sur notre site web. De cette mani\u00e8re, nous nous assurerons que vous \u00eates toujours inform\u00e9 de la nature des informations que nous collectons, des modalit\u00e9s d&#8217;utilisation de ces donn\u00e9es et des circonstances dans lesquelles elles sont divulgu\u00e9es, le cas \u00e9ch\u00e9ant. Votre utilisation continue du Site web et\/ou votre provision continue d&#8217;Informations personnelles sont assujettis aux conditions de la Politique de confidentialit\u00e9 alors applicable.<\/p>\n<h1>Informations que nous collectons<\/h1>\n<h2>Lorsque vous consultez notre site web<\/h2>\n<p>Vous \u00eates libre d&#8217;explorer le Site web sans fournir d&#8217;informations vous concernant. Lorsque vous consultez le Site web, nous vous demandons de fournir des Informations personnelles et nous collectons les Informations relatives \u00e0 votre navigation.<\/p>\n<h2>Informations personnelles<\/h2>\n<p>Les Informations personnelles se rapportent \u00e0 toutes les informations que vous nous communiquez de plein gr\u00e9 et qui vous identifient personnellement, y compris vos coordonn\u00e9es, telles que votre nom, votre adresse e-mail, le nom de votre entreprise, son adresse, votre num\u00e9ro de t\u00e9l\u00e9phone et toute autre information vous concernant ou concernant votre entreprise. Les Informations personnelles peuvent \u00e9galement inclure des informations vous concernant qui sont disponibles sur internet, notamment sur des sites comme Facebook, LinkedIn, Twitter, Instagram et Google, ou les informations \u00e0 disposition du grand public que nous acqu\u00e9rons aupr\u00e8s de prestataires de services.<\/p>\n<h2>Informations sur la navigation<\/h2>\n<p>Les Informations sur la navigation se rapportent aux informations concernant votre ordinateur et vos consultations de ce site web, notamment votre adresse IP, votre emplacement g\u00e9ographique, le type de navigateur, les sources de r\u00e9f\u00e9rence, la dur\u00e9e de la visite et les pages consult\u00e9es.<\/p>\n<h1>Modalit\u00e9s d&#8217;utilisation des informations collect\u00e9es<\/h1>\n<p>Nous limitons notre utilisation des informations collect\u00e9es aux termes de la pr\u00e9sente Politique de confidentialit\u00e9.<br \/>\nNous nous engageons \u00e0 ne jamais vendre vos Informations personnelles \u00e0 des tiers.<br \/>\nUtilisation des informations personnelles :<br \/>\nOutre les utilisations identifi\u00e9es dans d&#8217;autres sections de cette Politique de confidentialit\u00e9, nous pouvons utiliser vos Informations personnelles pour :<\/p>\n<ul>\n<li>\u00a0am\u00e9liorer votre exp\u00e9rience de navigation en personnalisant le Site web ;<\/li>\n<li>vous envoyer par courrier, par e-mail ou d&#8217;autres moyens des informations qui, selon nous, pourraient vous int\u00e9resser ;<\/li>\n<li>vous envoyer des \u00e9l\u00e9ments marketing li\u00e9s \u00e0 notre activit\u00e9 ou aux activit\u00e9s de parties tierces, soigneusement s\u00e9lectionn\u00e9s et qui, selon nous, pourraient vous int\u00e9resser, et offrir \u00e0 d&#8217;autres entreprises des informations statistiques sur nos utilisateurs. En outre, nous pouvons \u00eatre amen\u00e9s \u00e0 partager vos donn\u00e9es avec nos partenaires de confiance afin de leur permettre de vous contacter lorsque vous demandez \u00e0 recevoir des informations, de nous aider \u00e0 r\u00e9aliser des analyses statistiques ou de vous offrir une assistance technique. Ces tiers ne sont pas autoris\u00e9s \u00e0 utiliser vos Informations personnelles autrement qu&#8217;\u00e0 ces fins, et ils sont tenus d&#8217;en assurer la confidentialit\u00e9. Si vous ne souhaitez pas que nous partagions vos informations personnelles avec ces soci\u00e9t\u00e9s, contactez-nous \u00e0 l&#8217;adresse suivante : info@kaliop.com<\/li>\n<\/ul>\n<h2>Utilisation des informations sur la navigation<\/h2>\n<p>Nous utilisons les Informations sur la navigation afin d&#8217;assurer le fonctionnement du Site web et d&#8217;en am\u00e9liorer les services. Nous pouvons \u00e9galement utiliser les Informations de navigation seules ou combin\u00e9es aux Informations personnelles afin de vous offrir des informations personnalis\u00e9es sur Kaliop.fr.<\/p>\n<h2>T\u00e9moignages clients<\/h2>\n<p>Nous publions sur notre Site web des commentaires et t\u00e9moignages de clients qui peuvent contenir des Informations personnelles. Nous obtenons le consentement par e-mail de chaque client avant d&#8217;en publier le nom et le t\u00e9moignage.<\/p>\n<h2>Prestataires de service<\/h2>\n<p>Nous employons d&#8217;autres personnes et entreprises afin de proposer certains services aux visiteurs de notre Site web et \u00e0 nos clients et nous pouvons \u00eatre amen\u00e9s \u00e0 partager vos informations avec eux afin de vous offrir des informations, produits ou services. Nous les utilisons notamment pour supprimer les doublons dans les listes de prospects, analyser les donn\u00e9es, offrir une assistance marketing, compl\u00e9ter les informations que vous nous fournissez afin de vous offrir des services de meilleure qualit\u00e9 et assurer le service \u00e0 la client\u00e8le. D\u00e8s lors que nous partageons vos informations, nous exigeons explicitement de ces mandataires qu&#8217;ils reconnaissent nos politiques de confidentialit\u00e9 et de traitement des donn\u00e9es des clients, et adh\u00e8rent \u00e0 leurs principes.<\/p>\n<h2>S\u00e9curit\u00e9 de vos informations personnelles<\/h2>\n<p>Nous utilisons diverses technologies et proc\u00e9dures de s\u00e9curit\u00e9 afin de prot\u00e9ger vos Informations personnelles contre les acc\u00e8s, utilisations ou divulgations non autoris\u00e9s. Nous stockons les Informations personnelles que vous nous fournissez sur des serveurs informatiques dans un environnement contr\u00f4l\u00e9, s\u00e9curis\u00e9 et prot\u00e9g\u00e9 contre les acc\u00e8s, utilisations ou divulgations non autoris\u00e9s. Lorsque des Informations personnelles sensibles (telles que des donn\u00e9es de g\u00e9olocalisation) sont collect\u00e9es sur notre Site web et\/ou transmises \u00e0 d&#8217;autres sites web, elles sont prot\u00e9g\u00e9es \u00e0 l&#8217;aide d&#8217;un syst\u00e8me de cryptage, tel que le protocole SSL (Secure Socket Layer). Toutes ces mesures visent \u00e0 r\u00e9duire au maximum les risques d\u2019acc\u00e8s, consultation ou divulgation non autoris\u00e9s ou\/et frauduleux. Veuillez toutefois garder \u00e0 l\u2019esprit que tout risque ne peut jamais \u00eatre exclu. Si vous avez des questions sur la s\u00e9curit\u00e9 de vos Informations personnelles, vous pouvez nous contacter \u00e0 l\u2019adresse info@kaliop.com.<\/p>\n<h2>Informations personnelles li\u00e9es au recrutement<\/h2>\n<p>Vos donn\u00e9es \u00e0 caract\u00e8re personnel seront conserv\u00e9es le temps n\u00e9cessaire \u00e0 la gestion de votre candidature et dans les limites pr\u00e9vues par la loi soit 24 mois.<\/p>\n<p>Dans les m\u00eames limites, vos donn\u00e9es pourront \u00eatre conserv\u00e9es pour nous permettre de vous recontacter et vous proposer d\u2019autres postes susceptibles de vous int\u00e9resser.<\/p>\n<h2>Fonctionnalit\u00e9s des r\u00e9seaux sociaux<\/h2>\n<p>Notre Site web inclut des fonctionnalit\u00e9s de r\u00e9seaux sociaux, telles que le bouton J&#8217;aime de Facebook, et certains widgets, tels que le bouton Partager, ou encore des mini-programmes ex\u00e9cut\u00e9s sur notre site. Ces fonctionnalit\u00e9s peuvent collecter votre adresse IP, identifier la page que vous consultez sur notre site et configurer un cookie afin de lui permettre de s&#8217;ex\u00e9cuter correctement. Les widgets et fonctionnalit\u00e9s de r\u00e9seaux sociaux sont h\u00e9berg\u00e9s par un tiers ou directement sur notre Site web. La pr\u00e9sente Politique de confidentialit\u00e9 ne s&#8217;applique pas \u00e0 ces fonctionnalit\u00e9s.<\/p>\n<h2>Site web externes<\/h2>\n<p>Notre Site web contient des liens vers d&#8217;autres sites web. Nous ne ma\u00eetrisons pas le contenu ou les pratiques de ces autres sites web, et ne pouvons en \u00eatre tenus pour responsables. L&#8217;inclusion de ces liens n&#8217;implique pas que nous cautionnons ces autres sites web, leur contenu, leurs propri\u00e9taires ou leurs pratiques. La pr\u00e9sente Politique de confidentialit\u00e9 ne s&#8217;applique pas aux autres sites web, qui sont assujettis aux \u00e9ventuelles politiques de confidentialit\u00e9 ou d&#8217;autre nature de leurs propri\u00e9taires.<\/p>\n<h2>Conservation des informations personnelles<\/h2>\n<p>Vos Informations personnelles sont conserv\u00e9es par Kaliop uniquement la dur\u00e9e n\u00e9cessaire aux finalit\u00e9s pour lesquelles elles sont collect\u00e9es et trait\u00e9es. Vos donn\u00e9es de navigation (cookies) sur notre Site web seront conserv\u00e9es 13 mois, conform\u00e9ment \u00e0 la r\u00e9glementation. Les donn\u00e9es \u00e0 caract\u00e8re personnel relatives aux contacts ne peuvent \u00eatre conserv\u00e9es au-del\u00e0 de la dur\u00e9e strictement n\u00e9cessaire \u00e0 la gestion de la prospection ou de la relation commerciale, soit 24 mois. Nous les supprimons ensuite de mani\u00e8re s\u00e9curis\u00e9e. Sur votre demande, nous supprimerons ces informations des serveurs de mani\u00e8re anticip\u00e9e, conform\u00e9ment aux termes de la section \u00ab Exclusion et d\u00e9sinscription \u00bb ci-dessous.<\/p>\n<h2>Transfert international d&#8217;informations<\/h2>\n<p>Dans le cadre de nos op\u00e9rations internationales, nous pouvons transf\u00e9rer vos Informations personnelles et y acc\u00e9der depuis n&#8217;importe quel endroit du monde. La pr\u00e9sente Politique de confidentialit\u00e9 s&#8217;applique, y compris lorsque nous transf\u00e9rons des Informations personnelles vers d&#8217;autres pays.<\/p>\n<h1>Information sur la navigation<\/h1>\n<h2>Utilisation des cookies<\/h2>\n<p>Les internautes de ce site sont inform\u00e9s que, lors de l&#8217;acc\u00e8s \u00e0 ce site, des informations peuvent \u00eatre temporairement conserv\u00e9es en m\u00e9moire ou sur leur disque dur afin de faciliter la navigation sur le site. Les internautes du site reconnaissent avoir \u00e9t\u00e9 inform\u00e9s de cette pratique et autorisent Kaliop \u00e0 l&#8217;employer. Ils peuvent par ailleurs s&#8217;opposer \u00e0 l&#8217;enregistrement de cookies en employant pour cela les fonctionnalit\u00e9s correspondantes sur leur navigateur.<\/p>\n<p>Le site collecte les informations personnelles fournies par les utilisateurs \u00e0 l&#8217;occasion de leur visite sur le site.<\/p>\n<p>Le navigateur peut \u00e9galement \u00eatre param\u00e9tr\u00e9 afin de signaler les cookies qui sont d\u00e9pos\u00e9s dans le terminal du visiteur et les soumettre \u00e0 son acceptation. Le param\u00e9trage est cependant susceptible de modifier les conditions d&#8217;acc\u00e8s aux services du pr\u00e9sent site n\u00e9cessitant l&#8217;utilisation de cookies.<\/p>\n<p>Cette collecte permet :<\/p>\n<ul>\n<li>l&#8217;\u00e9tablissement de statistiques g\u00e9n\u00e9rales sur le trafic sur le site,<\/li>\n<li>l&#8217;envoi vers les adresses mails fournies par les utilisateurs de r\u00e9ponses, d&#8217;informations diverses ou annonces provenant de l&#8217;\u00e9diteur,<\/li>\n<li>la collecte et le traitement des informations personnelles sur Internet doivent se faire dans le respect des droits fondamentaux des personnes. Par cons\u00e9quent, l&#8217;\u00e9diteur s&#8217;engage \u00e0 une politique de traitement en conformit\u00e9 avec la loi n\u00b078-17 du 6 janvier 1978 relative \u00e0 l&#8217;informatique, aux fichiers et aux libert\u00e9s.<\/li>\n<\/ul>\n<p>Par ailleurs, toujours au titre de ladite loi, tout utilisateur du site dispose d&#8217;un droit d&#8217;acc\u00e8s, modification, de rectification ou de suppression aux donn\u00e9es personnelles le concernant. Il peut exercer ces droits en contactant l&#8217;\u00e9diteur aux coordonn\u00e9es indiqu\u00e9es en haut de page.<\/p>\n<h2>Technologies de tra\u00e7age tierces<\/h2>\n<p>L&#8217;utilisation de cookies et balises web con\u00e7us par des entreprises de syst\u00e8mes de tra\u00e7age n&#8217;est pas couverte par notre Politique de confidentialit\u00e9.<\/p>\n<h1>Exclusion et d\u00e9sinscription<\/h1>\n<h2>Consultation, rectification et suppression de vos informations personnelles<\/h2>\n<p>Sur votre demande, Kaliop vous indiquera si des Informations personnelles vous concernant sont en sa possession. Lorsque vous nous fournissez des Informations personnelles, vous \u00eates en droit de :<\/p>\n<ul>\n<li>passer en revue les informations utilisateur que vous nous avez fournies ;<\/li>\n<li>demander \u00e0 ce que nous corrigions toute erreur, information obsol\u00e8te ou omission dans les informations utilisateur que vous nous avez fournies ;<\/li>\n<li>demander que vos informations utilisateur ne soient pas utilis\u00e9es pour vous contacter ;<\/li>\n<li>demander que vos informations utilisateur soient supprim\u00e9es de toute liste de sollicitation que nous utilisons ;<\/li>\n<li>demander que vos informations utilisateur soient supprim\u00e9es de nos registres ;<\/li>\n<li>demander \u00e0 ne plus \u00eatre sollicit\u00e9 par Kaliop.<\/li>\n<\/ul>\n<p>&nbsp;<\/p>\n<p>Vous pouvez \u00e9galement demander une copie (fournie en format CSV ou XLS) de l\u2019ensemble des informations personnelles vous concernant en notre possession. Pour exercer l&#8217;un de ces droits, veuillez nous contacter \u00e0 info@kaliop.com ou par courrier \u00e0 Kaliop. Nous r\u00e9pondrons \u00e0 votre demande de copie, modification, rectification ou suppression de donn\u00e9es dans un d\u00e9lai maximum de 30 jours suivant la r\u00e9ception du message et nous vous informerons des mesures prises.<\/p>\n<h2>D\u00e9sinscription de nos communications<\/h2>\n<p>Vous pouvez vous d\u00e9sinscrire de nos communications marketing en cliquant sur le lien \u00ab Se d\u00e9sinscrire \u00bb pr\u00e9sent au bas de nos newsletter, ou en nous envoyant votre demande par e-mail \u00e0 info@kaliop.com ou par courrier \u00e0 Kaliop &#8211; 1401 Avenue du Mondial 98 &#8211; 34000 Montpellier &#8211; France. Les clients continueront \u00e0 recevoir des e-mails de transaction li\u00e9s aux services demand\u00e9s.<\/p>\n<h1>Suivi et commentaire<\/h1>\n<p>Nous vous invitons \u00e0 nous adresser vos questions et commentaires concernant ce site Web ou \u00e0 nous signaler tout contenu que vous estimez inexact. Merci de nous faire parvenir vos commentaires accompagn\u00e9s d&#8217;une copie du contenu incrimin\u00e9 par e-mail (info@kaliop.com).<\/p>\n<p>Copyright :<br \/>\nCr\u00e9dits photos : Fotolia, iStock, Thinkstock, Adobe Stock, Noun Project.<\/p>\n","protected":false},"excerpt":{"rendered":"<p>KALIOP est une Soci\u00e9t\u00e9 par Actions Simplifi\u00e9e (S.A.S) au capital de 250 000\u20ac \/ SIREN : 442 637 831 \u2013 RCS Montpellier APE : 6201Z \u2013 TVA FR 92 442 637 831 Kaliop est propri\u00e9taire de la marque commerciale Kaliop et g\u00e8re le site www.kaliop.fr Repr\u00e9sentant l\u00e9gal : Fran\u00e7oise Nauton, Directrice g\u00e9n\u00e9rale Responsable de la [&hellip;]<\/p>\n","protected":false},"author":3,"featured_media":0,"parent":0,"menu_order":0,"comment_status":"closed","ping_status":"closed","template":"page-edito.php","meta":{"content-type":"","inline_featured_image":false},"yoast_head":"<!-- This site is optimized with the Yoast SEO plugin v19.8 - https:\/\/yoast.com\/wordpress\/plugins\/seo\/ -->\n<title>Legal notice I Kaliop<\/title>\n<meta name=\"description\" content=\"Our legal notice and privacy policy.\" \/>\n<meta name=\"robots\" content=\"index, follow, max-snippet:-1, max-image-preview:large, max-video-preview:-1\" \/>\n<link rel=\"canonical\" href=\"https:\/\/www.kaliop.com\/en\/legal-notice\/\" \/>\n<meta property=\"og:locale\" content=\"en_US\" \/>\n<meta property=\"og:type\" content=\"article\" \/>\n<meta property=\"og:title\" content=\"Legal notice I Kaliop\" \/>\n<meta property=\"og:description\" content=\"Our legal notice and privacy policy.\" \/>\n<meta property=\"og:url\" content=\"https:\/\/www.kaliop.com\/en\/legal-notice\/\" \/>\n<meta property=\"article:modified_time\" content=\"2019-12-19T17:49:48+00:00\" \/>\n<meta name=\"twitter:card\" content=\"summary_large_image\" \/>\n<meta name=\"twitter:label1\" content=\"Est. reading time\" \/>\n\t<meta name=\"twitter:data1\" content=\"10 minutes\" \/>\n<script type=\"application\/ld+json\" class=\"yoast-schema-graph\">{\"@context\":\"https:\/\/schema.org\",\"@graph\":[{\"@type\":\"WebPage\",\"@id\":\"https:\/\/www.kaliop.com\/en\/legal-notice\/\",\"url\":\"https:\/\/www.kaliop.com\/en\/legal-notice\/\",\"name\":\"Legal notice I Kaliop\",\"isPartOf\":{\"@id\":\"https:\/\/www.kaliop.com\/fr\/#website\"},\"datePublished\":\"2019-01-18T14:22:29+00:00\",\"dateModified\":\"2019-12-19T17:49:48+00:00\",\"description\":\"Our legal notice and privacy policy.\",\"breadcrumb\":{\"@id\":\"https:\/\/www.kaliop.com\/en\/legal-notice\/#breadcrumb\"},\"inLanguage\":\"en-US\",\"potentialAction\":[{\"@type\":\"ReadAction\",\"target\":[\"https:\/\/www.kaliop.com\/en\/legal-notice\/\"]}]},{\"@type\":\"BreadcrumbList\",\"@id\":\"https:\/\/www.kaliop.com\/en\/legal-notice\/#breadcrumb\",\"itemListElement\":[{\"@type\":\"ListItem\",\"position\":1,\"name\":\"Home\",\"item\":\"https:\/\/www.kaliop.com\/en\/page-daccueil\/\"},{\"@type\":\"ListItem\",\"position\":2,\"name\":\"Legal notice &#8211; credits\"}]},{\"@type\":\"WebSite\",\"@id\":\"https:\/\/www.kaliop.com\/fr\/#website\",\"url\":\"https:\/\/www.kaliop.com\/fr\/\",\"name\":\"\",\"description\":\"\",\"potentialAction\":[{\"@type\":\"SearchAction\",\"target\":{\"@type\":\"EntryPoint\",\"urlTemplate\":\"https:\/\/www.kaliop.com\/fr\/?s={search_term_string}\"},\"query-input\":\"required name=search_term_string\"}],\"inLanguage\":\"en-US\"}]}<\/script>\n<!-- \/ Yoast SEO plugin. -->","yoast_head_json":{"title":"Legal notice I Kaliop","description":"Our legal notice and privacy policy.","robots":{"index":"index","follow":"follow","max-snippet":"max-snippet:-1","max-image-preview":"max-image-preview:large","max-video-preview":"max-video-preview:-1"},"canonical":"https:\/\/www.kaliop.com\/en\/legal-notice\/","og_locale":"en_US","og_type":"article","og_title":"Legal notice I Kaliop","og_description":"Our legal notice and privacy policy.","og_url":"https:\/\/www.kaliop.com\/en\/legal-notice\/","article_modified_time":"2019-12-19T17:49:48+00:00","twitter_card":"summary_large_image","twitter_misc":{"Est. reading time":"10 minutes"},"schema":{"@context":"https:\/\/schema.org","@graph":[{"@type":"WebPage","@id":"https:\/\/www.kaliop.com\/en\/legal-notice\/","url":"https:\/\/www.kaliop.com\/en\/legal-notice\/","name":"Legal notice I Kaliop","isPartOf":{"@id":"https:\/\/www.kaliop.com\/fr\/#website"},"datePublished":"2019-01-18T14:22:29+00:00","dateModified":"2019-12-19T17:49:48+00:00","description":"Our legal notice and privacy policy.","breadcrumb":{"@id":"https:\/\/www.kaliop.com\/en\/legal-notice\/#breadcrumb"},"inLanguage":"en-US","potentialAction":[{"@type":"ReadAction","target":["https:\/\/www.kaliop.com\/en\/legal-notice\/"]}]},{"@type":"BreadcrumbList","@id":"https:\/\/www.kaliop.com\/en\/legal-notice\/#breadcrumb","itemListElement":[{"@type":"ListItem","position":1,"name":"Home","item":"https:\/\/www.kaliop.com\/en\/page-daccueil\/"},{"@type":"ListItem","position":2,"name":"Legal notice &#8211; credits"}]},{"@type":"WebSite","@id":"https:\/\/www.kaliop.com\/fr\/#website","url":"https:\/\/www.kaliop.com\/fr\/","name":"","description":"","potentialAction":[{"@type":"SearchAction","target":{"@type":"EntryPoint","urlTemplate":"https:\/\/www.kaliop.com\/fr\/?s={search_term_string}"},"query-input":"required name=search_term_string"}],"inLanguage":"en-US"}]}},"_links":{"self":[{"href":"https:\/\/www.kaliop.com\/en\/wp-json\/wp\/v2\/pages\/21536"}],"collection":[{"href":"https:\/\/www.kaliop.com\/en\/wp-json\/wp\/v2\/pages"}],"about":[{"href":"https:\/\/www.kaliop.com\/en\/wp-json\/wp\/v2\/types\/page"}],"author":[{"embeddable":true,"href":"https:\/\/www.kaliop.com\/en\/wp-json\/wp\/v2\/users\/3"}],"replies":[{"embeddable":true,"href":"https:\/\/www.kaliop.com\/en\/wp-json\/wp\/v2\/comments?post=21536"}],"version-history":[{"count":6,"href":"https:\/\/www.kaliop.com\/en\/wp-json\/wp\/v2\/pages\/21536\/revisions"}],"predecessor-version":[{"id":21839,"href":"https:\/\/www.kaliop.com\/en\/wp-json\/wp\/v2\/pages\/21536\/revisions\/21839"}],"wp:attachment":[{"href":"https:\/\/www.kaliop.com\/en\/wp-json\/wp\/v2\/media?parent=21536"}],"curies":[{"name":"wp","href":"https:\/\/api.w.org\/{rel}","templated":true}]}}