{"id":28581,"date":"2020-04-16T14:50:51","date_gmt":"2020-04-16T14:50:51","guid":{"rendered":"https:\/\/www.kaliop.com\/\/?page_id=28581"},"modified":"2021-09-14T12:31:57","modified_gmt":"2021-09-14T12:31:57","slug":"covid-19-sortie-de-crise-transformation-digitale","status":"publish","type":"page","link":"https:\/\/www.kaliop.com\/fr\/covid-19-sortie-de-crise-transformation-digitale\/","title":{"rendered":"COVID 19"},"content":{"rendered":"","protected":false},"excerpt":{"rendered":"","protected":false},"author":3,"featured_media":0,"parent":0,"menu_order":0,"comment_status":"closed","ping_status":"closed","template":"page-edito.php","meta":{"content-type":"","inline_featured_image":false},"yoast_head":"<!-- This site is optimized with the Yoast SEO plugin v19.8 - https:\/\/yoast.com\/wordpress\/plugins\/seo\/ -->\n<title>Anticiper la sortie de crise gr\u00e2ce \u00e0 la transformation digitale | Kaliop<\/title>\n<meta name=\"description\" content=\"Du management au business, le digital se r\u00e9v\u00e8le un atout pr\u00e9cieux pour relever les challenges li\u00e9s \u00e0 la situation actuelle.\" \/>\n<meta name=\"robots\" content=\"index, follow, max-snippet:-1, max-image-preview:large, max-video-preview:-1\" \/>\n<link rel=\"canonical\" href=\"https:\/\/www.kaliop.com\/fr\/covid-19-sortie-de-crise-transformation-digitale\/\" \/>\n<meta property=\"og:locale\" content=\"fr_FR\" \/>\n<meta property=\"og:type\" content=\"article\" \/>\n<meta property=\"og:title\" content=\"Anticiper la sortie de crise gr\u00e2ce \u00e0 la transformation digitale | Kaliop\" \/>\n<meta property=\"og:description\" content=\"Du management au business, le digital se r\u00e9v\u00e8le un atout pr\u00e9cieux pour relever les challenges li\u00e9s \u00e0 la situation actuelle.\" \/>\n<meta property=\"og:url\" content=\"https:\/\/www.kaliop.com\/fr\/covid-19-sortie-de-crise-transformation-digitale\/\" \/>\n<meta property=\"article:modified_time\" content=\"2021-09-14T12:31:57+00:00\" \/>\n<meta name=\"twitter:card\" content=\"summary_large_image\" \/>\n<script type=\"application\/ld+json\" class=\"yoast-schema-graph\">{\"@context\":\"https:\/\/schema.org\",\"@graph\":[{\"@type\":\"WebPage\",\"@id\":\"https:\/\/www.kaliop.com\/fr\/covid-19-sortie-de-crise-transformation-digitale\/\",\"url\":\"https:\/\/www.kaliop.com\/fr\/covid-19-sortie-de-crise-transformation-digitale\/\",\"name\":\"Anticiper la sortie de crise gr\u00e2ce \u00e0 la transformation digitale | Kaliop\",\"isPartOf\":{\"@id\":\"https:\/\/www.kaliop.com\/fr\/#website\"},\"datePublished\":\"2020-04-16T14:50:51+00:00\",\"dateModified\":\"2021-09-14T12:31:57+00:00\",\"description\":\"Du management au business, le digital se r\u00e9v\u00e8le un atout pr\u00e9cieux pour relever les challenges li\u00e9s \u00e0 la situation actuelle.\",\"breadcrumb\":{\"@id\":\"https:\/\/www.kaliop.com\/fr\/covid-19-sortie-de-crise-transformation-digitale\/#breadcrumb\"},\"inLanguage\":\"fr-FR\",\"potentialAction\":[{\"@type\":\"ReadAction\",\"target\":[\"https:\/\/www.kaliop.com\/fr\/covid-19-sortie-de-crise-transformation-digitale\/\"]}]},{\"@type\":\"BreadcrumbList\",\"@id\":\"https:\/\/www.kaliop.com\/fr\/covid-19-sortie-de-crise-transformation-digitale\/#breadcrumb\",\"itemListElement\":[{\"@type\":\"ListItem\",\"position\":1,\"name\":\"Home\",\"item\":\"https:\/\/www.kaliop.com\/fr\/\"},{\"@type\":\"ListItem\",\"position\":2,\"name\":\"COVID 19\"}]},{\"@type\":\"WebSite\",\"@id\":\"https:\/\/www.kaliop.com\/fr\/#website\",\"url\":\"https:\/\/www.kaliop.com\/fr\/\",\"name\":\"\",\"description\":\"\",\"potentialAction\":[{\"@type\":\"SearchAction\",\"target\":{\"@type\":\"EntryPoint\",\"urlTemplate\":\"https:\/\/www.kaliop.com\/fr\/?s={search_term_string}\"},\"query-input\":\"required name=search_term_string\"}],\"inLanguage\":\"fr-FR\"}]}<\/script>\n<!-- \/ Yoast SEO plugin. -->","yoast_head_json":{"title":"Anticiper la sortie de crise gr\u00e2ce \u00e0 la transformation digitale | Kaliop","description":"Du management au business, le digital se r\u00e9v\u00e8le un atout pr\u00e9cieux pour relever les challenges li\u00e9s \u00e0 la situation actuelle.","robots":{"index":"index","follow":"follow","max-snippet":"max-snippet:-1","max-image-preview":"max-image-preview:large","max-video-preview":"max-video-preview:-1"},"canonical":"https:\/\/www.kaliop.com\/fr\/covid-19-sortie-de-crise-transformation-digitale\/","og_locale":"fr_FR","og_type":"article","og_title":"Anticiper la sortie de crise gr\u00e2ce \u00e0 la transformation digitale | Kaliop","og_description":"Du management au business, le digital se r\u00e9v\u00e8le un atout pr\u00e9cieux pour relever les challenges li\u00e9s \u00e0 la situation actuelle.","og_url":"https:\/\/www.kaliop.com\/fr\/covid-19-sortie-de-crise-transformation-digitale\/","article_modified_time":"2021-09-14T12:31:57+00:00","twitter_card":"summary_large_image","schema":{"@context":"https:\/\/schema.org","@graph":[{"@type":"WebPage","@id":"https:\/\/www.kaliop.com\/fr\/covid-19-sortie-de-crise-transformation-digitale\/","url":"https:\/\/www.kaliop.com\/fr\/covid-19-sortie-de-crise-transformation-digitale\/","name":"Anticiper la sortie de crise gr\u00e2ce \u00e0 la transformation digitale | Kaliop","isPartOf":{"@id":"https:\/\/www.kaliop.com\/fr\/#website"},"datePublished":"2020-04-16T14:50:51+00:00","dateModified":"2021-09-14T12:31:57+00:00","description":"Du management au business, le digital se r\u00e9v\u00e8le un atout pr\u00e9cieux pour relever les challenges li\u00e9s \u00e0 la situation actuelle.","breadcrumb":{"@id":"https:\/\/www.kaliop.com\/fr\/covid-19-sortie-de-crise-transformation-digitale\/#breadcrumb"},"inLanguage":"fr-FR","potentialAction":[{"@type":"ReadAction","target":["https:\/\/www.kaliop.com\/fr\/covid-19-sortie-de-crise-transformation-digitale\/"]}]},{"@type":"BreadcrumbList","@id":"https:\/\/www.kaliop.com\/fr\/covid-19-sortie-de-crise-transformation-digitale\/#breadcrumb","itemListElement":[{"@type":"ListItem","position":1,"name":"Home","item":"https:\/\/www.kaliop.com\/fr\/"},{"@type":"ListItem","position":2,"name":"COVID 19"}]},{"@type":"WebSite","@id":"https:\/\/www.kaliop.com\/fr\/#website","url":"https:\/\/www.kaliop.com\/fr\/","name":"","description":"","potentialAction":[{"@type":"SearchAction","target":{"@type":"EntryPoint","urlTemplate":"https:\/\/www.kaliop.com\/fr\/?s={search_term_string}"},"query-input":"required name=search_term_string"}],"inLanguage":"fr-FR"}]}},"_links":{"self":[{"href":"https:\/\/www.kaliop.com\/fr\/wp-json\/wp\/v2\/pages\/28581"}],"collection":[{"href":"https:\/\/www.kaliop.com\/fr\/wp-json\/wp\/v2\/pages"}],"about":[{"href":"https:\/\/www.kaliop.com\/fr\/wp-json\/wp\/v2\/types\/page"}],"author":[{"embeddable":true,"href":"https:\/\/www.kaliop.com\/fr\/wp-json\/wp\/v2\/users\/3"}],"replies":[{"embeddable":true,"href":"https:\/\/www.kaliop.com\/fr\/wp-json\/wp\/v2\/comments?post=28581"}],"version-history":[{"count":55,"href":"https:\/\/www.kaliop.com\/fr\/wp-json\/wp\/v2\/pages\/28581\/revisions"}],"predecessor-version":[{"id":32878,"href":"https:\/\/www.kaliop.com\/fr\/wp-json\/wp\/v2\/pages\/28581\/revisions\/32878"}],"wp:attachment":[{"href":"https:\/\/www.kaliop.com\/fr\/wp-json\/wp\/v2\/media?parent=28581"}],"curies":[{"name":"wp","href":"https:\/\/api.w.org\/{rel}","templated":true}]}}