{"id":298,"date":"2019-01-18T12:56:03","date_gmt":"2019-01-18T12:56:03","guid":{"rendered":"https:\/\/www.kaliop.com\/\/?page_id=298"},"modified":"2025-05-14T07:58:08","modified_gmt":"2025-05-14T07:58:08","slug":"qui-sommes-nous","status":"publish","type":"page","link":"https:\/\/www.kaliop.com\/fr\/qui-sommes-nous\/","title":{"rendered":"Qui sommes-nous ?"},"content":{"rendered":"","protected":false},"excerpt":{"rendered":"","protected":false},"author":3,"featured_media":0,"parent":0,"menu_order":0,"comment_status":"closed","ping_status":"closed","template":"page-edito.php","meta":{"content-type":"","inline_featured_image":false},"yoast_head":"<!-- This site is optimized with the Yoast SEO plugin v19.8 - https:\/\/yoast.com\/wordpress\/plugins\/seo\/ -->\n<title>Kaliop | Sp\u00e9cialiste de la transformation num\u00e9rique et de l&#039;innovation<\/title>\n<meta name=\"description\" content=\"Kaliop est un nouveau type de partenaire, con\u00e7u pour aider les entreprises et les organisations\u00a0 \u00e0 s\u2019adapter et tirer profit de l&#039;\u00e8re digitale.\u00a0\" \/>\n<meta name=\"robots\" content=\"index, follow, max-snippet:-1, max-image-preview:large, max-video-preview:-1\" \/>\n<link rel=\"canonical\" href=\"https:\/\/www.kaliop.com\/fr\/qui-sommes-nous\/\" \/>\n<meta property=\"og:locale\" content=\"fr_FR\" \/>\n<meta property=\"og:type\" content=\"article\" \/>\n<meta property=\"og:title\" content=\"Kaliop | Sp\u00e9cialiste de la transformation num\u00e9rique et de l&#039;innovation\" \/>\n<meta property=\"og:description\" content=\"Kaliop est un nouveau type de partenaire, con\u00e7u pour aider les entreprises et les organisations\u00a0 \u00e0 s\u2019adapter et tirer profit de l&#039;\u00e8re digitale.\u00a0\" \/>\n<meta property=\"og:url\" content=\"https:\/\/www.kaliop.com\/fr\/qui-sommes-nous\/\" \/>\n<meta property=\"article:modified_time\" content=\"2025-05-14T07:58:08+00:00\" \/>\n<meta name=\"twitter:card\" content=\"summary_large_image\" \/>\n<script type=\"application\/ld+json\" class=\"yoast-schema-graph\">{\"@context\":\"https:\/\/schema.org\",\"@graph\":[{\"@type\":\"WebPage\",\"@id\":\"https:\/\/www.kaliop.com\/fr\/qui-sommes-nous\/\",\"url\":\"https:\/\/www.kaliop.com\/fr\/qui-sommes-nous\/\",\"name\":\"Kaliop | Sp\u00e9cialiste de la transformation num\u00e9rique et de l'innovation\",\"isPartOf\":{\"@id\":\"https:\/\/www.kaliop.com\/fr\/#website\"},\"datePublished\":\"2019-01-18T12:56:03+00:00\",\"dateModified\":\"2025-05-14T07:58:08+00:00\",\"description\":\"Kaliop est un nouveau type de partenaire, con\u00e7u pour aider les entreprises et les organisations\u00a0 \u00e0 s\u2019adapter et tirer profit de l'\u00e8re digitale.\u00a0\",\"breadcrumb\":{\"@id\":\"https:\/\/www.kaliop.com\/fr\/qui-sommes-nous\/#breadcrumb\"},\"inLanguage\":\"fr-FR\",\"potentialAction\":[{\"@type\":\"ReadAction\",\"target\":[\"https:\/\/www.kaliop.com\/fr\/qui-sommes-nous\/\"]}]},{\"@type\":\"BreadcrumbList\",\"@id\":\"https:\/\/www.kaliop.com\/fr\/qui-sommes-nous\/#breadcrumb\",\"itemListElement\":[{\"@type\":\"ListItem\",\"position\":1,\"name\":\"Home\",\"item\":\"https:\/\/www.kaliop.com\/fr\/\"},{\"@type\":\"ListItem\",\"position\":2,\"name\":\"Qui sommes-nous ?\"}]},{\"@type\":\"WebSite\",\"@id\":\"https:\/\/www.kaliop.com\/fr\/#website\",\"url\":\"https:\/\/www.kaliop.com\/fr\/\",\"name\":\"\",\"description\":\"\",\"potentialAction\":[{\"@type\":\"SearchAction\",\"target\":{\"@type\":\"EntryPoint\",\"urlTemplate\":\"https:\/\/www.kaliop.com\/fr\/?s={search_term_string}\"},\"query-input\":\"required name=search_term_string\"}],\"inLanguage\":\"fr-FR\"}]}<\/script>\n<!-- \/ Yoast SEO plugin. -->","yoast_head_json":{"title":"Kaliop | Sp\u00e9cialiste de la transformation num\u00e9rique et de l'innovation","description":"Kaliop est un nouveau type de partenaire, con\u00e7u pour aider les entreprises et les organisations\u00a0 \u00e0 s\u2019adapter et tirer profit de l'\u00e8re digitale.\u00a0","robots":{"index":"index","follow":"follow","max-snippet":"max-snippet:-1","max-image-preview":"max-image-preview:large","max-video-preview":"max-video-preview:-1"},"canonical":"https:\/\/www.kaliop.com\/fr\/qui-sommes-nous\/","og_locale":"fr_FR","og_type":"article","og_title":"Kaliop | Sp\u00e9cialiste de la transformation num\u00e9rique et de l'innovation","og_description":"Kaliop est un nouveau type de partenaire, con\u00e7u pour aider les entreprises et les organisations\u00a0 \u00e0 s\u2019adapter et tirer profit de l'\u00e8re digitale.\u00a0","og_url":"https:\/\/www.kaliop.com\/fr\/qui-sommes-nous\/","article_modified_time":"2025-05-14T07:58:08+00:00","twitter_card":"summary_large_image","schema":{"@context":"https:\/\/schema.org","@graph":[{"@type":"WebPage","@id":"https:\/\/www.kaliop.com\/fr\/qui-sommes-nous\/","url":"https:\/\/www.kaliop.com\/fr\/qui-sommes-nous\/","name":"Kaliop | Sp\u00e9cialiste de la transformation num\u00e9rique et de l'innovation","isPartOf":{"@id":"https:\/\/www.kaliop.com\/fr\/#website"},"datePublished":"2019-01-18T12:56:03+00:00","dateModified":"2025-05-14T07:58:08+00:00","description":"Kaliop est un nouveau type de partenaire, con\u00e7u pour aider les entreprises et les organisations\u00a0 \u00e0 s\u2019adapter et tirer profit de l'\u00e8re digitale.\u00a0","breadcrumb":{"@id":"https:\/\/www.kaliop.com\/fr\/qui-sommes-nous\/#breadcrumb"},"inLanguage":"fr-FR","potentialAction":[{"@type":"ReadAction","target":["https:\/\/www.kaliop.com\/fr\/qui-sommes-nous\/"]}]},{"@type":"BreadcrumbList","@id":"https:\/\/www.kaliop.com\/fr\/qui-sommes-nous\/#breadcrumb","itemListElement":[{"@type":"ListItem","position":1,"name":"Home","item":"https:\/\/www.kaliop.com\/fr\/"},{"@type":"ListItem","position":2,"name":"Qui sommes-nous ?"}]},{"@type":"WebSite","@id":"https:\/\/www.kaliop.com\/fr\/#website","url":"https:\/\/www.kaliop.com\/fr\/","name":"","description":"","potentialAction":[{"@type":"SearchAction","target":{"@type":"EntryPoint","urlTemplate":"https:\/\/www.kaliop.com\/fr\/?s={search_term_string}"},"query-input":"required name=search_term_string"}],"inLanguage":"fr-FR"}]}},"_links":{"self":[{"href":"https:\/\/www.kaliop.com\/fr\/wp-json\/wp\/v2\/pages\/298"}],"collection":[{"href":"https:\/\/www.kaliop.com\/fr\/wp-json\/wp\/v2\/pages"}],"about":[{"href":"https:\/\/www.kaliop.com\/fr\/wp-json\/wp\/v2\/types\/page"}],"author":[{"embeddable":true,"href":"https:\/\/www.kaliop.com\/fr\/wp-json\/wp\/v2\/users\/3"}],"replies":[{"embeddable":true,"href":"https:\/\/www.kaliop.com\/fr\/wp-json\/wp\/v2\/comments?post=298"}],"version-history":[{"count":95,"href":"https:\/\/www.kaliop.com\/fr\/wp-json\/wp\/v2\/pages\/298\/revisions"}],"predecessor-version":[{"id":46653,"href":"https:\/\/www.kaliop.com\/fr\/wp-json\/wp\/v2\/pages\/298\/revisions\/46653"}],"wp:attachment":[{"href":"https:\/\/www.kaliop.com\/fr\/wp-json\/wp\/v2\/media?parent=298"}],"curies":[{"name":"wp","href":"https:\/\/api.w.org\/{rel}","templated":true}]}}