{"id":31023,"date":"2020-12-22T16:42:20","date_gmt":"2020-12-22T16:42:20","guid":{"rendered":"https:\/\/www.kaliop.com\/\/?page_id=31023"},"modified":"2022-08-23T14:35:57","modified_gmt":"2022-08-23T14:35:57","slug":"pxm-maturity-assessment-akeneo","status":"publish","type":"page","link":"https:\/\/www.kaliop.com\/fr\/pxm-maturity-assessment-akeneo\/","title":{"rendered":"PXM Maturity Assessment Akeneo"},"content":{"rendered":"","protected":false},"excerpt":{"rendered":"","protected":false},"author":3,"featured_media":0,"parent":0,"menu_order":0,"comment_status":"closed","ping_status":"closed","template":"page-edito.php","meta":{"content-type":"","inline_featured_image":false},"yoast_head":"<!-- This site is optimized with the Yoast SEO plugin v19.8 - https:\/\/yoast.com\/wordpress\/plugins\/seo\/ -->\n<title>Gestion de l\u2019Exp\u00e9rience Produit : o\u00f9 en \u00eates-vous ? | Kaliop<\/title>\n<meta name=\"description\" content=\"Testez votre maturit\u00e9 en gestion de l\u2019Exp\u00e9rience Produit gr\u00e2ce \u00e0 l&#039;outil PXM Maturity Assessment d&#039;Akeneo, notre partenaire \u00e9diteur de solution PIM.\" \/>\n<meta name=\"robots\" content=\"index, follow, max-snippet:-1, max-image-preview:large, max-video-preview:-1\" \/>\n<link rel=\"canonical\" href=\"https:\/\/www.kaliop.com\/fr\/pxm-maturity-assessment-akeneo\/\" \/>\n<meta property=\"og:locale\" content=\"fr_FR\" \/>\n<meta property=\"og:type\" content=\"article\" \/>\n<meta property=\"og:title\" content=\"Gestion de l\u2019Exp\u00e9rience Produit : o\u00f9 en \u00eates-vous ? | Kaliop\" \/>\n<meta property=\"og:description\" content=\"Testez votre maturit\u00e9 en gestion de l\u2019Exp\u00e9rience Produit gr\u00e2ce \u00e0 l&#039;outil PXM Maturity Assessment d&#039;Akeneo, notre partenaire \u00e9diteur de solution PIM.\" \/>\n<meta property=\"og:url\" content=\"https:\/\/www.kaliop.com\/fr\/pxm-maturity-assessment-akeneo\/\" \/>\n<meta property=\"article:modified_time\" content=\"2022-08-23T14:35:57+00:00\" \/>\n<meta name=\"twitter:card\" content=\"summary_large_image\" \/>\n<script type=\"application\/ld+json\" class=\"yoast-schema-graph\">{\"@context\":\"https:\/\/schema.org\",\"@graph\":[{\"@type\":\"WebPage\",\"@id\":\"https:\/\/www.kaliop.com\/fr\/pxm-maturity-assessment-akeneo\/\",\"url\":\"https:\/\/www.kaliop.com\/fr\/pxm-maturity-assessment-akeneo\/\",\"name\":\"Gestion de l\u2019Exp\u00e9rience Produit : o\u00f9 en \u00eates-vous ? | Kaliop\",\"isPartOf\":{\"@id\":\"https:\/\/www.kaliop.com\/fr\/#website\"},\"datePublished\":\"2020-12-22T16:42:20+00:00\",\"dateModified\":\"2022-08-23T14:35:57+00:00\",\"description\":\"Testez votre maturit\u00e9 en gestion de l\u2019Exp\u00e9rience Produit gr\u00e2ce \u00e0 l'outil PXM Maturity Assessment d'Akeneo, notre partenaire \u00e9diteur de solution PIM.\",\"breadcrumb\":{\"@id\":\"https:\/\/www.kaliop.com\/fr\/pxm-maturity-assessment-akeneo\/#breadcrumb\"},\"inLanguage\":\"fr-FR\",\"potentialAction\":[{\"@type\":\"ReadAction\",\"target\":[\"https:\/\/www.kaliop.com\/fr\/pxm-maturity-assessment-akeneo\/\"]}]},{\"@type\":\"BreadcrumbList\",\"@id\":\"https:\/\/www.kaliop.com\/fr\/pxm-maturity-assessment-akeneo\/#breadcrumb\",\"itemListElement\":[{\"@type\":\"ListItem\",\"position\":1,\"name\":\"Home\",\"item\":\"https:\/\/www.kaliop.com\/fr\/\"},{\"@type\":\"ListItem\",\"position\":2,\"name\":\"PXM Maturity Assessment Akeneo\"}]},{\"@type\":\"WebSite\",\"@id\":\"https:\/\/www.kaliop.com\/fr\/#website\",\"url\":\"https:\/\/www.kaliop.com\/fr\/\",\"name\":\"\",\"description\":\"\",\"potentialAction\":[{\"@type\":\"SearchAction\",\"target\":{\"@type\":\"EntryPoint\",\"urlTemplate\":\"https:\/\/www.kaliop.com\/fr\/?s={search_term_string}\"},\"query-input\":\"required name=search_term_string\"}],\"inLanguage\":\"fr-FR\"}]}<\/script>\n<!-- \/ Yoast SEO plugin. -->","yoast_head_json":{"title":"Gestion de l\u2019Exp\u00e9rience Produit : o\u00f9 en \u00eates-vous ? | Kaliop","description":"Testez votre maturit\u00e9 en gestion de l\u2019Exp\u00e9rience Produit gr\u00e2ce \u00e0 l'outil PXM Maturity Assessment d'Akeneo, notre partenaire \u00e9diteur de solution PIM.","robots":{"index":"index","follow":"follow","max-snippet":"max-snippet:-1","max-image-preview":"max-image-preview:large","max-video-preview":"max-video-preview:-1"},"canonical":"https:\/\/www.kaliop.com\/fr\/pxm-maturity-assessment-akeneo\/","og_locale":"fr_FR","og_type":"article","og_title":"Gestion de l\u2019Exp\u00e9rience Produit : o\u00f9 en \u00eates-vous ? | Kaliop","og_description":"Testez votre maturit\u00e9 en gestion de l\u2019Exp\u00e9rience Produit gr\u00e2ce \u00e0 l'outil PXM Maturity Assessment d'Akeneo, notre partenaire \u00e9diteur de solution PIM.","og_url":"https:\/\/www.kaliop.com\/fr\/pxm-maturity-assessment-akeneo\/","article_modified_time":"2022-08-23T14:35:57+00:00","twitter_card":"summary_large_image","schema":{"@context":"https:\/\/schema.org","@graph":[{"@type":"WebPage","@id":"https:\/\/www.kaliop.com\/fr\/pxm-maturity-assessment-akeneo\/","url":"https:\/\/www.kaliop.com\/fr\/pxm-maturity-assessment-akeneo\/","name":"Gestion de l\u2019Exp\u00e9rience Produit : o\u00f9 en \u00eates-vous ? | Kaliop","isPartOf":{"@id":"https:\/\/www.kaliop.com\/fr\/#website"},"datePublished":"2020-12-22T16:42:20+00:00","dateModified":"2022-08-23T14:35:57+00:00","description":"Testez votre maturit\u00e9 en gestion de l\u2019Exp\u00e9rience Produit gr\u00e2ce \u00e0 l'outil PXM Maturity Assessment d'Akeneo, notre partenaire \u00e9diteur de solution PIM.","breadcrumb":{"@id":"https:\/\/www.kaliop.com\/fr\/pxm-maturity-assessment-akeneo\/#breadcrumb"},"inLanguage":"fr-FR","potentialAction":[{"@type":"ReadAction","target":["https:\/\/www.kaliop.com\/fr\/pxm-maturity-assessment-akeneo\/"]}]},{"@type":"BreadcrumbList","@id":"https:\/\/www.kaliop.com\/fr\/pxm-maturity-assessment-akeneo\/#breadcrumb","itemListElement":[{"@type":"ListItem","position":1,"name":"Home","item":"https:\/\/www.kaliop.com\/fr\/"},{"@type":"ListItem","position":2,"name":"PXM Maturity Assessment Akeneo"}]},{"@type":"WebSite","@id":"https:\/\/www.kaliop.com\/fr\/#website","url":"https:\/\/www.kaliop.com\/fr\/","name":"","description":"","potentialAction":[{"@type":"SearchAction","target":{"@type":"EntryPoint","urlTemplate":"https:\/\/www.kaliop.com\/fr\/?s={search_term_string}"},"query-input":"required name=search_term_string"}],"inLanguage":"fr-FR"}]}},"_links":{"self":[{"href":"https:\/\/www.kaliop.com\/fr\/wp-json\/wp\/v2\/pages\/31023"}],"collection":[{"href":"https:\/\/www.kaliop.com\/fr\/wp-json\/wp\/v2\/pages"}],"about":[{"href":"https:\/\/www.kaliop.com\/fr\/wp-json\/wp\/v2\/types\/page"}],"author":[{"embeddable":true,"href":"https:\/\/www.kaliop.com\/fr\/wp-json\/wp\/v2\/users\/3"}],"replies":[{"embeddable":true,"href":"https:\/\/www.kaliop.com\/fr\/wp-json\/wp\/v2\/comments?post=31023"}],"version-history":[{"count":14,"href":"https:\/\/www.kaliop.com\/fr\/wp-json\/wp\/v2\/pages\/31023\/revisions"}],"predecessor-version":[{"id":32102,"href":"https:\/\/www.kaliop.com\/fr\/wp-json\/wp\/v2\/pages\/31023\/revisions\/32102"}],"wp:attachment":[{"href":"https:\/\/www.kaliop.com\/fr\/wp-json\/wp\/v2\/media?parent=31023"}],"curies":[{"name":"wp","href":"https:\/\/api.w.org\/{rel}","templated":true}]}}