{"id":34332,"date":"2022-05-24T11:13:50","date_gmt":"2022-05-24T11:13:50","guid":{"rendered":"https:\/\/www.kaliop.com\/?page_id=34332"},"modified":"2025-06-23T14:06:29","modified_gmt":"2025-06-23T14:06:29","slug":"vie-a-kaliop","status":"publish","type":"page","link":"https:\/\/www.kaliop.com\/fr\/vie-a-kaliop\/","title":{"rendered":"Vie \u00e0 Kaliop"},"content":{"rendered":"","protected":false},"excerpt":{"rendered":"","protected":false},"author":3,"featured_media":0,"parent":0,"menu_order":0,"comment_status":"closed","ping_status":"closed","template":"page-edito.php","meta":{"content-type":"","inline_featured_image":false},"yoast_head":"<!-- This site is optimized with the Yoast SEO plugin v19.8 - https:\/\/yoast.com\/wordpress\/plugins\/seo\/ -->\n<title>La vie \u00e0 Kaliop, en texte et en images<\/title>\n<meta name=\"description\" content=\"Ce qui fait de l&#039;agence Kaliop un acteur pas comme les autres, ce sont les personnalit\u00e9s qui la composent et la vie d&#039;\u00e9quipe. D\u00e9couvrez la Kaliop Team !\" \/>\n<meta name=\"robots\" content=\"index, follow, max-snippet:-1, max-image-preview:large, max-video-preview:-1\" \/>\n<link rel=\"canonical\" href=\"https:\/\/www.kaliop.com\/fr\/vie-a-kaliop\/\" \/>\n<meta property=\"og:locale\" content=\"fr_FR\" \/>\n<meta property=\"og:type\" content=\"article\" \/>\n<meta property=\"og:title\" content=\"La vie \u00e0 Kaliop, en texte et en images\" \/>\n<meta property=\"og:description\" content=\"Ce qui fait de l&#039;agence Kaliop un acteur pas comme les autres, ce sont les personnalit\u00e9s qui la composent et la vie d&#039;\u00e9quipe. D\u00e9couvrez la Kaliop Team !\" \/>\n<meta property=\"og:url\" content=\"https:\/\/www.kaliop.com\/fr\/vie-a-kaliop\/\" \/>\n<meta property=\"article:modified_time\" content=\"2025-06-23T14:06:29+00:00\" \/>\n<meta name=\"twitter:card\" content=\"summary_large_image\" \/>\n<script type=\"application\/ld+json\" class=\"yoast-schema-graph\">{\"@context\":\"https:\/\/schema.org\",\"@graph\":[{\"@type\":\"WebPage\",\"@id\":\"https:\/\/www.kaliop.com\/fr\/vie-a-kaliop\/\",\"url\":\"https:\/\/www.kaliop.com\/fr\/vie-a-kaliop\/\",\"name\":\"La vie \u00e0 Kaliop, en texte et en images\",\"isPartOf\":{\"@id\":\"https:\/\/www.kaliop.com\/fr\/#website\"},\"datePublished\":\"2022-05-24T11:13:50+00:00\",\"dateModified\":\"2025-06-23T14:06:29+00:00\",\"description\":\"Ce qui fait de l'agence Kaliop un acteur pas comme les autres, ce sont les personnalit\u00e9s qui la composent et la vie d'\u00e9quipe. D\u00e9couvrez la Kaliop Team !\",\"breadcrumb\":{\"@id\":\"https:\/\/www.kaliop.com\/fr\/vie-a-kaliop\/#breadcrumb\"},\"inLanguage\":\"fr-FR\",\"potentialAction\":[{\"@type\":\"ReadAction\",\"target\":[\"https:\/\/www.kaliop.com\/fr\/vie-a-kaliop\/\"]}]},{\"@type\":\"BreadcrumbList\",\"@id\":\"https:\/\/www.kaliop.com\/fr\/vie-a-kaliop\/#breadcrumb\",\"itemListElement\":[{\"@type\":\"ListItem\",\"position\":1,\"name\":\"Home\",\"item\":\"https:\/\/www.kaliop.com\/fr\/\"},{\"@type\":\"ListItem\",\"position\":2,\"name\":\"Vie \u00e0 Kaliop\"}]},{\"@type\":\"WebSite\",\"@id\":\"https:\/\/www.kaliop.com\/fr\/#website\",\"url\":\"https:\/\/www.kaliop.com\/fr\/\",\"name\":\"\",\"description\":\"\",\"potentialAction\":[{\"@type\":\"SearchAction\",\"target\":{\"@type\":\"EntryPoint\",\"urlTemplate\":\"https:\/\/www.kaliop.com\/fr\/?s={search_term_string}\"},\"query-input\":\"required name=search_term_string\"}],\"inLanguage\":\"fr-FR\"}]}<\/script>\n<!-- \/ Yoast SEO plugin. -->","yoast_head_json":{"title":"La vie \u00e0 Kaliop, en texte et en images","description":"Ce qui fait de l'agence Kaliop un acteur pas comme les autres, ce sont les personnalit\u00e9s qui la composent et la vie d'\u00e9quipe. D\u00e9couvrez la Kaliop Team !","robots":{"index":"index","follow":"follow","max-snippet":"max-snippet:-1","max-image-preview":"max-image-preview:large","max-video-preview":"max-video-preview:-1"},"canonical":"https:\/\/www.kaliop.com\/fr\/vie-a-kaliop\/","og_locale":"fr_FR","og_type":"article","og_title":"La vie \u00e0 Kaliop, en texte et en images","og_description":"Ce qui fait de l'agence Kaliop un acteur pas comme les autres, ce sont les personnalit\u00e9s qui la composent et la vie d'\u00e9quipe. D\u00e9couvrez la Kaliop Team !","og_url":"https:\/\/www.kaliop.com\/fr\/vie-a-kaliop\/","article_modified_time":"2025-06-23T14:06:29+00:00","twitter_card":"summary_large_image","schema":{"@context":"https:\/\/schema.org","@graph":[{"@type":"WebPage","@id":"https:\/\/www.kaliop.com\/fr\/vie-a-kaliop\/","url":"https:\/\/www.kaliop.com\/fr\/vie-a-kaliop\/","name":"La vie \u00e0 Kaliop, en texte et en images","isPartOf":{"@id":"https:\/\/www.kaliop.com\/fr\/#website"},"datePublished":"2022-05-24T11:13:50+00:00","dateModified":"2025-06-23T14:06:29+00:00","description":"Ce qui fait de l'agence Kaliop un acteur pas comme les autres, ce sont les personnalit\u00e9s qui la composent et la vie d'\u00e9quipe. D\u00e9couvrez la Kaliop Team !","breadcrumb":{"@id":"https:\/\/www.kaliop.com\/fr\/vie-a-kaliop\/#breadcrumb"},"inLanguage":"fr-FR","potentialAction":[{"@type":"ReadAction","target":["https:\/\/www.kaliop.com\/fr\/vie-a-kaliop\/"]}]},{"@type":"BreadcrumbList","@id":"https:\/\/www.kaliop.com\/fr\/vie-a-kaliop\/#breadcrumb","itemListElement":[{"@type":"ListItem","position":1,"name":"Home","item":"https:\/\/www.kaliop.com\/fr\/"},{"@type":"ListItem","position":2,"name":"Vie \u00e0 Kaliop"}]},{"@type":"WebSite","@id":"https:\/\/www.kaliop.com\/fr\/#website","url":"https:\/\/www.kaliop.com\/fr\/","name":"","description":"","potentialAction":[{"@type":"SearchAction","target":{"@type":"EntryPoint","urlTemplate":"https:\/\/www.kaliop.com\/fr\/?s={search_term_string}"},"query-input":"required name=search_term_string"}],"inLanguage":"fr-FR"}]}},"_links":{"self":[{"href":"https:\/\/www.kaliop.com\/fr\/wp-json\/wp\/v2\/pages\/34332"}],"collection":[{"href":"https:\/\/www.kaliop.com\/fr\/wp-json\/wp\/v2\/pages"}],"about":[{"href":"https:\/\/www.kaliop.com\/fr\/wp-json\/wp\/v2\/types\/page"}],"author":[{"embeddable":true,"href":"https:\/\/www.kaliop.com\/fr\/wp-json\/wp\/v2\/users\/3"}],"replies":[{"embeddable":true,"href":"https:\/\/www.kaliop.com\/fr\/wp-json\/wp\/v2\/comments?post=34332"}],"version-history":[{"count":56,"href":"https:\/\/www.kaliop.com\/fr\/wp-json\/wp\/v2\/pages\/34332\/revisions"}],"predecessor-version":[{"id":46812,"href":"https:\/\/www.kaliop.com\/fr\/wp-json\/wp\/v2\/pages\/34332\/revisions\/46812"}],"wp:attachment":[{"href":"https:\/\/www.kaliop.com\/fr\/wp-json\/wp\/v2\/media?parent=34332"}],"curies":[{"name":"wp","href":"https:\/\/api.w.org\/{rel}","templated":true}]}}