{"id":42203,"date":"2023-09-21T06:57:24","date_gmt":"2023-09-21T06:57:24","guid":{"rendered":"https:\/\/www.kaliop.com\/?page_id=42203"},"modified":"2024-09-24T12:15:07","modified_gmt":"2024-09-24T12:15:07","slug":"digital-factory","status":"publish","type":"page","link":"https:\/\/www.kaliop.com\/fr\/digital-factory\/","title":{"rendered":"Digital factory"},"content":{"rendered":"","protected":false},"excerpt":{"rendered":"","protected":false},"author":3,"featured_media":0,"parent":0,"menu_order":0,"comment_status":"closed","ping_status":"closed","template":"page-edito.php","meta":{"content-type":"","inline_featured_image":false},"yoast_head":"<!-- This site is optimized with the Yoast SEO plugin v19.8 - https:\/\/yoast.com\/wordpress\/plugins\/seo\/ -->\n<title>Qu&#039;est-ce qu&#039;une Digital factory | Kaliop<\/title>\n<meta name=\"description\" content=\"Qu&#039;est-ce qu&#039;une Digital factory ? D\u00e9couvrez la d\u00e9finition, les principes et les m\u00e9thodes pour la mettre en oeuvre dans votre organisation.\" \/>\n<meta name=\"robots\" content=\"index, follow, max-snippet:-1, max-image-preview:large, max-video-preview:-1\" \/>\n<link rel=\"canonical\" href=\"https:\/\/www.kaliop.com\/fr\/digital-factory\/\" \/>\n<meta property=\"og:locale\" content=\"fr_FR\" \/>\n<meta property=\"og:type\" content=\"article\" \/>\n<meta property=\"og:title\" content=\"Qu&#039;est-ce qu&#039;une Digital factory | Kaliop\" \/>\n<meta property=\"og:description\" content=\"Qu&#039;est-ce qu&#039;une Digital factory ? D\u00e9couvrez la d\u00e9finition, les principes et les m\u00e9thodes pour la mettre en oeuvre dans votre organisation.\" \/>\n<meta property=\"og:url\" content=\"https:\/\/www.kaliop.com\/fr\/digital-factory\/\" \/>\n<meta property=\"article:modified_time\" content=\"2024-09-24T12:15:07+00:00\" \/>\n<meta name=\"twitter:card\" content=\"summary_large_image\" \/>\n<script type=\"application\/ld+json\" class=\"yoast-schema-graph\">{\"@context\":\"https:\/\/schema.org\",\"@graph\":[{\"@type\":\"WebPage\",\"@id\":\"https:\/\/www.kaliop.com\/fr\/digital-factory\/\",\"url\":\"https:\/\/www.kaliop.com\/fr\/digital-factory\/\",\"name\":\"Qu'est-ce qu'une Digital factory | Kaliop\",\"isPartOf\":{\"@id\":\"https:\/\/www.kaliop.com\/fr\/#website\"},\"datePublished\":\"2023-09-21T06:57:24+00:00\",\"dateModified\":\"2024-09-24T12:15:07+00:00\",\"description\":\"Qu'est-ce qu'une Digital factory ? D\u00e9couvrez la d\u00e9finition, les principes et les m\u00e9thodes pour la mettre en oeuvre dans votre organisation.\",\"breadcrumb\":{\"@id\":\"https:\/\/www.kaliop.com\/fr\/digital-factory\/#breadcrumb\"},\"inLanguage\":\"fr-FR\",\"potentialAction\":[{\"@type\":\"ReadAction\",\"target\":[\"https:\/\/www.kaliop.com\/fr\/digital-factory\/\"]}]},{\"@type\":\"BreadcrumbList\",\"@id\":\"https:\/\/www.kaliop.com\/fr\/digital-factory\/#breadcrumb\",\"itemListElement\":[{\"@type\":\"ListItem\",\"position\":1,\"name\":\"Home\",\"item\":\"https:\/\/www.kaliop.com\/fr\/\"},{\"@type\":\"ListItem\",\"position\":2,\"name\":\"Digital factory\"}]},{\"@type\":\"WebSite\",\"@id\":\"https:\/\/www.kaliop.com\/fr\/#website\",\"url\":\"https:\/\/www.kaliop.com\/fr\/\",\"name\":\"\",\"description\":\"\",\"potentialAction\":[{\"@type\":\"SearchAction\",\"target\":{\"@type\":\"EntryPoint\",\"urlTemplate\":\"https:\/\/www.kaliop.com\/fr\/?s={search_term_string}\"},\"query-input\":\"required name=search_term_string\"}],\"inLanguage\":\"fr-FR\"}]}<\/script>\n<!-- \/ Yoast SEO plugin. -->","yoast_head_json":{"title":"Qu'est-ce qu'une Digital factory | Kaliop","description":"Qu'est-ce qu'une Digital factory ? D\u00e9couvrez la d\u00e9finition, les principes et les m\u00e9thodes pour la mettre en oeuvre dans votre organisation.","robots":{"index":"index","follow":"follow","max-snippet":"max-snippet:-1","max-image-preview":"max-image-preview:large","max-video-preview":"max-video-preview:-1"},"canonical":"https:\/\/www.kaliop.com\/fr\/digital-factory\/","og_locale":"fr_FR","og_type":"article","og_title":"Qu'est-ce qu'une Digital factory | Kaliop","og_description":"Qu'est-ce qu'une Digital factory ? D\u00e9couvrez la d\u00e9finition, les principes et les m\u00e9thodes pour la mettre en oeuvre dans votre organisation.","og_url":"https:\/\/www.kaliop.com\/fr\/digital-factory\/","article_modified_time":"2024-09-24T12:15:07+00:00","twitter_card":"summary_large_image","schema":{"@context":"https:\/\/schema.org","@graph":[{"@type":"WebPage","@id":"https:\/\/www.kaliop.com\/fr\/digital-factory\/","url":"https:\/\/www.kaliop.com\/fr\/digital-factory\/","name":"Qu'est-ce qu'une Digital factory | Kaliop","isPartOf":{"@id":"https:\/\/www.kaliop.com\/fr\/#website"},"datePublished":"2023-09-21T06:57:24+00:00","dateModified":"2024-09-24T12:15:07+00:00","description":"Qu'est-ce qu'une Digital factory ? D\u00e9couvrez la d\u00e9finition, les principes et les m\u00e9thodes pour la mettre en oeuvre dans votre organisation.","breadcrumb":{"@id":"https:\/\/www.kaliop.com\/fr\/digital-factory\/#breadcrumb"},"inLanguage":"fr-FR","potentialAction":[{"@type":"ReadAction","target":["https:\/\/www.kaliop.com\/fr\/digital-factory\/"]}]},{"@type":"BreadcrumbList","@id":"https:\/\/www.kaliop.com\/fr\/digital-factory\/#breadcrumb","itemListElement":[{"@type":"ListItem","position":1,"name":"Home","item":"https:\/\/www.kaliop.com\/fr\/"},{"@type":"ListItem","position":2,"name":"Digital factory"}]},{"@type":"WebSite","@id":"https:\/\/www.kaliop.com\/fr\/#website","url":"https:\/\/www.kaliop.com\/fr\/","name":"","description":"","potentialAction":[{"@type":"SearchAction","target":{"@type":"EntryPoint","urlTemplate":"https:\/\/www.kaliop.com\/fr\/?s={search_term_string}"},"query-input":"required name=search_term_string"}],"inLanguage":"fr-FR"}]}},"_links":{"self":[{"href":"https:\/\/www.kaliop.com\/fr\/wp-json\/wp\/v2\/pages\/42203"}],"collection":[{"href":"https:\/\/www.kaliop.com\/fr\/wp-json\/wp\/v2\/pages"}],"about":[{"href":"https:\/\/www.kaliop.com\/fr\/wp-json\/wp\/v2\/types\/page"}],"author":[{"embeddable":true,"href":"https:\/\/www.kaliop.com\/fr\/wp-json\/wp\/v2\/users\/3"}],"replies":[{"embeddable":true,"href":"https:\/\/www.kaliop.com\/fr\/wp-json\/wp\/v2\/comments?post=42203"}],"version-history":[{"count":11,"href":"https:\/\/www.kaliop.com\/fr\/wp-json\/wp\/v2\/pages\/42203\/revisions"}],"predecessor-version":[{"id":45083,"href":"https:\/\/www.kaliop.com\/fr\/wp-json\/wp\/v2\/pages\/42203\/revisions\/45083"}],"wp:attachment":[{"href":"https:\/\/www.kaliop.com\/fr\/wp-json\/wp\/v2\/media?parent=42203"}],"curies":[{"name":"wp","href":"https:\/\/api.w.org\/{rel}","templated":true}]}}