{"id":42233,"date":"2023-09-22T07:48:30","date_gmt":"2023-09-22T07:48:30","guid":{"rendered":"https:\/\/www.kaliop.com\/?page_id=42233"},"modified":"2023-09-26T08:00:28","modified_gmt":"2023-09-26T08:00:28","slug":"fast-delivery","status":"publish","type":"page","link":"https:\/\/www.kaliop.com\/fr\/fast-delivery\/","title":{"rendered":"Fast Delivery"},"content":{"rendered":"","protected":false},"excerpt":{"rendered":"","protected":false},"author":3,"featured_media":0,"parent":0,"menu_order":0,"comment_status":"closed","ping_status":"closed","template":"page-edito.php","meta":{"content-type":"","inline_featured_image":false},"yoast_head":"<!-- This site is optimized with the Yoast SEO plugin v19.8 - https:\/\/yoast.com\/wordpress\/plugins\/seo\/ -->\n<title>Comment faire du Fast delivery | Kaliop<\/title>\n<meta name=\"description\" content=\"Comment acc\u00e9l\u00e9rer la vitesse d&#039;ex\u00e9cution de ses produits ? Avec quelles comp\u00e9tences et organisation ? Comment impliquer les sponsors ?\" \/>\n<meta name=\"robots\" content=\"index, follow, max-snippet:-1, max-image-preview:large, max-video-preview:-1\" \/>\n<link rel=\"canonical\" href=\"https:\/\/www.kaliop.com\/fr\/fast-delivery\/\" \/>\n<meta property=\"og:locale\" content=\"fr_FR\" \/>\n<meta property=\"og:type\" content=\"article\" \/>\n<meta property=\"og:title\" content=\"Comment faire du Fast delivery | Kaliop\" \/>\n<meta property=\"og:description\" content=\"Comment acc\u00e9l\u00e9rer la vitesse d&#039;ex\u00e9cution de ses produits ? Avec quelles comp\u00e9tences et organisation ? Comment impliquer les sponsors ?\" \/>\n<meta property=\"og:url\" content=\"https:\/\/www.kaliop.com\/fr\/fast-delivery\/\" \/>\n<meta property=\"article:modified_time\" content=\"2023-09-26T08:00:28+00:00\" \/>\n<meta name=\"twitter:card\" content=\"summary_large_image\" \/>\n<script type=\"application\/ld+json\" class=\"yoast-schema-graph\">{\"@context\":\"https:\/\/schema.org\",\"@graph\":[{\"@type\":\"WebPage\",\"@id\":\"https:\/\/www.kaliop.com\/fr\/fast-delivery\/\",\"url\":\"https:\/\/www.kaliop.com\/fr\/fast-delivery\/\",\"name\":\"Comment faire du Fast delivery | Kaliop\",\"isPartOf\":{\"@id\":\"https:\/\/www.kaliop.com\/fr\/#website\"},\"datePublished\":\"2023-09-22T07:48:30+00:00\",\"dateModified\":\"2023-09-26T08:00:28+00:00\",\"description\":\"Comment acc\u00e9l\u00e9rer la vitesse d'ex\u00e9cution de ses produits ? Avec quelles comp\u00e9tences et organisation ? Comment impliquer les sponsors ?\",\"breadcrumb\":{\"@id\":\"https:\/\/www.kaliop.com\/fr\/fast-delivery\/#breadcrumb\"},\"inLanguage\":\"fr-FR\",\"potentialAction\":[{\"@type\":\"ReadAction\",\"target\":[\"https:\/\/www.kaliop.com\/fr\/fast-delivery\/\"]}]},{\"@type\":\"BreadcrumbList\",\"@id\":\"https:\/\/www.kaliop.com\/fr\/fast-delivery\/#breadcrumb\",\"itemListElement\":[{\"@type\":\"ListItem\",\"position\":1,\"name\":\"Home\",\"item\":\"https:\/\/www.kaliop.com\/fr\/\"},{\"@type\":\"ListItem\",\"position\":2,\"name\":\"Fast Delivery\"}]},{\"@type\":\"WebSite\",\"@id\":\"https:\/\/www.kaliop.com\/fr\/#website\",\"url\":\"https:\/\/www.kaliop.com\/fr\/\",\"name\":\"\",\"description\":\"\",\"potentialAction\":[{\"@type\":\"SearchAction\",\"target\":{\"@type\":\"EntryPoint\",\"urlTemplate\":\"https:\/\/www.kaliop.com\/fr\/?s={search_term_string}\"},\"query-input\":\"required name=search_term_string\"}],\"inLanguage\":\"fr-FR\"}]}<\/script>\n<!-- \/ Yoast SEO plugin. -->","yoast_head_json":{"title":"Comment faire du Fast delivery | Kaliop","description":"Comment acc\u00e9l\u00e9rer la vitesse d'ex\u00e9cution de ses produits ? Avec quelles comp\u00e9tences et organisation ? Comment impliquer les sponsors ?","robots":{"index":"index","follow":"follow","max-snippet":"max-snippet:-1","max-image-preview":"max-image-preview:large","max-video-preview":"max-video-preview:-1"},"canonical":"https:\/\/www.kaliop.com\/fr\/fast-delivery\/","og_locale":"fr_FR","og_type":"article","og_title":"Comment faire du Fast delivery | Kaliop","og_description":"Comment acc\u00e9l\u00e9rer la vitesse d'ex\u00e9cution de ses produits ? Avec quelles comp\u00e9tences et organisation ? Comment impliquer les sponsors ?","og_url":"https:\/\/www.kaliop.com\/fr\/fast-delivery\/","article_modified_time":"2023-09-26T08:00:28+00:00","twitter_card":"summary_large_image","schema":{"@context":"https:\/\/schema.org","@graph":[{"@type":"WebPage","@id":"https:\/\/www.kaliop.com\/fr\/fast-delivery\/","url":"https:\/\/www.kaliop.com\/fr\/fast-delivery\/","name":"Comment faire du Fast delivery | Kaliop","isPartOf":{"@id":"https:\/\/www.kaliop.com\/fr\/#website"},"datePublished":"2023-09-22T07:48:30+00:00","dateModified":"2023-09-26T08:00:28+00:00","description":"Comment acc\u00e9l\u00e9rer la vitesse d'ex\u00e9cution de ses produits ? Avec quelles comp\u00e9tences et organisation ? Comment impliquer les sponsors ?","breadcrumb":{"@id":"https:\/\/www.kaliop.com\/fr\/fast-delivery\/#breadcrumb"},"inLanguage":"fr-FR","potentialAction":[{"@type":"ReadAction","target":["https:\/\/www.kaliop.com\/fr\/fast-delivery\/"]}]},{"@type":"BreadcrumbList","@id":"https:\/\/www.kaliop.com\/fr\/fast-delivery\/#breadcrumb","itemListElement":[{"@type":"ListItem","position":1,"name":"Home","item":"https:\/\/www.kaliop.com\/fr\/"},{"@type":"ListItem","position":2,"name":"Fast Delivery"}]},{"@type":"WebSite","@id":"https:\/\/www.kaliop.com\/fr\/#website","url":"https:\/\/www.kaliop.com\/fr\/","name":"","description":"","potentialAction":[{"@type":"SearchAction","target":{"@type":"EntryPoint","urlTemplate":"https:\/\/www.kaliop.com\/fr\/?s={search_term_string}"},"query-input":"required name=search_term_string"}],"inLanguage":"fr-FR"}]}},"_links":{"self":[{"href":"https:\/\/www.kaliop.com\/fr\/wp-json\/wp\/v2\/pages\/42233"}],"collection":[{"href":"https:\/\/www.kaliop.com\/fr\/wp-json\/wp\/v2\/pages"}],"about":[{"href":"https:\/\/www.kaliop.com\/fr\/wp-json\/wp\/v2\/types\/page"}],"author":[{"embeddable":true,"href":"https:\/\/www.kaliop.com\/fr\/wp-json\/wp\/v2\/users\/3"}],"replies":[{"embeddable":true,"href":"https:\/\/www.kaliop.com\/fr\/wp-json\/wp\/v2\/comments?post=42233"}],"version-history":[{"count":4,"href":"https:\/\/www.kaliop.com\/fr\/wp-json\/wp\/v2\/pages\/42233\/revisions"}],"predecessor-version":[{"id":42264,"href":"https:\/\/www.kaliop.com\/fr\/wp-json\/wp\/v2\/pages\/42233\/revisions\/42264"}],"wp:attachment":[{"href":"https:\/\/www.kaliop.com\/fr\/wp-json\/wp\/v2\/media?parent=42233"}],"curies":[{"name":"wp","href":"https:\/\/api.w.org\/{rel}","templated":true}]}}