{"id":39907,"date":"2019-01-18T10:11:13","date_gmt":"2019-01-18T10:11:13","guid":{"rendered":"https:\/\/www.kaliop.com\/page-daccueil\/"},"modified":"2025-01-23T09:39:27","modified_gmt":"2025-01-23T09:39:27","slug":"page-daccueil","status":"publish","type":"page","link":"https:\/\/www.kaliop.com\/pl\/","title":{"rendered":"Homepage"},"content":{"rendered":"","protected":false},"excerpt":{"rendered":"","protected":false},"author":1,"featured_media":0,"parent":0,"menu_order":0,"comment_status":"closed","ping_status":"closed","template":"","meta":{"content-type":"","inline_featured_image":false},"yoast_head":"<!-- This site is optimized with the Yoast SEO plugin v19.8 - https:\/\/yoast.com\/wordpress\/plugins\/seo\/ -->\n<title>Kaliop - Ekspert w dziedzinie cyfrowych rozwi\u0105za\u0144 internetowych, mobilnych i marketingowych<\/title>\n<meta name=\"description\" content=\"Kaliop wspiera Ci\u0119 w projektowaniu, rozwoju i wydajno\u015bci Twojego cyfrowego ekosystemu: stron, e-commerce, aplikacji i marketingu.\" \/>\n<meta name=\"robots\" content=\"index, follow, max-snippet:-1, max-image-preview:large, max-video-preview:-1\" \/>\n<link rel=\"canonical\" href=\"https:\/\/www.kaliop.com\/pl\/page-daccueil\/\" \/>\n<meta property=\"og:locale\" content=\"pl_PL\" \/>\n<meta property=\"og:type\" content=\"article\" \/>\n<meta property=\"og:title\" content=\"Kaliop - Ekspert w dziedzinie cyfrowych rozwi\u0105za\u0144 internetowych, mobilnych i marketingowych\" \/>\n<meta property=\"og:description\" content=\"Kaliop wspiera Ci\u0119 w projektowaniu, rozwoju i wydajno\u015bci Twojego cyfrowego ekosystemu: stron, e-commerce, aplikacji i marketingu.\" \/>\n<meta property=\"og:url\" content=\"https:\/\/www.kaliop.com\/pl\/page-daccueil\/\" \/>\n<meta property=\"article:modified_time\" content=\"2025-01-23T09:39:27+00:00\" \/>\n<meta name=\"twitter:card\" content=\"summary_large_image\" \/>\n<script type=\"application\/ld+json\" class=\"yoast-schema-graph\">{\"@context\":\"https:\/\/schema.org\",\"@graph\":[{\"@type\":\"WebPage\",\"@id\":\"https:\/\/www.kaliop.com\/pl\/page-daccueil\/\",\"url\":\"https:\/\/www.kaliop.com\/pl\/page-daccueil\/\",\"name\":\"Kaliop - Ekspert w dziedzinie cyfrowych rozwi\u0105za\u0144 internetowych, mobilnych i marketingowych\",\"isPartOf\":{\"@id\":\"https:\/\/www.kaliop.com\/fr\/#website\"},\"datePublished\":\"2019-01-18T10:11:13+00:00\",\"dateModified\":\"2025-01-23T09:39:27+00:00\",\"description\":\"Kaliop wspiera Ci\u0119 w projektowaniu, rozwoju i wydajno\u015bci Twojego cyfrowego ekosystemu: stron, e-commerce, aplikacji i marketingu.\",\"breadcrumb\":{\"@id\":\"https:\/\/www.kaliop.com\/pl\/page-daccueil\/#breadcrumb\"},\"inLanguage\":\"pl-PL\",\"potentialAction\":[{\"@type\":\"ReadAction\",\"target\":[\"https:\/\/www.kaliop.com\/pl\/page-daccueil\/\"]}]},{\"@type\":\"BreadcrumbList\",\"@id\":\"https:\/\/www.kaliop.com\/pl\/page-daccueil\/#breadcrumb\",\"itemListElement\":[{\"@type\":\"ListItem\",\"position\":1,\"name\":\"Home\",\"item\":\"https:\/\/www.kaliop.com\/pl\/page-daccueil\/\"},{\"@type\":\"ListItem\",\"position\":2,\"name\":\"Homepage\"}]},{\"@type\":\"WebSite\",\"@id\":\"https:\/\/www.kaliop.com\/fr\/#website\",\"url\":\"https:\/\/www.kaliop.com\/fr\/\",\"name\":\"\",\"description\":\"\",\"potentialAction\":[{\"@type\":\"SearchAction\",\"target\":{\"@type\":\"EntryPoint\",\"urlTemplate\":\"https:\/\/www.kaliop.com\/fr\/?s={search_term_string}\"},\"query-input\":\"required name=search_term_string\"}],\"inLanguage\":\"pl-PL\"}]}<\/script>\n<!-- \/ Yoast SEO plugin. -->","yoast_head_json":{"title":"Kaliop - Ekspert w dziedzinie cyfrowych rozwi\u0105za\u0144 internetowych, mobilnych i marketingowych","description":"Kaliop wspiera Ci\u0119 w projektowaniu, rozwoju i wydajno\u015bci Twojego cyfrowego ekosystemu: stron, e-commerce, aplikacji i marketingu.","robots":{"index":"index","follow":"follow","max-snippet":"max-snippet:-1","max-image-preview":"max-image-preview:large","max-video-preview":"max-video-preview:-1"},"canonical":"https:\/\/www.kaliop.com\/pl\/page-daccueil\/","og_locale":"pl_PL","og_type":"article","og_title":"Kaliop - Ekspert w dziedzinie cyfrowych rozwi\u0105za\u0144 internetowych, mobilnych i marketingowych","og_description":"Kaliop wspiera Ci\u0119 w projektowaniu, rozwoju i wydajno\u015bci Twojego cyfrowego ekosystemu: stron, e-commerce, aplikacji i marketingu.","og_url":"https:\/\/www.kaliop.com\/pl\/page-daccueil\/","article_modified_time":"2025-01-23T09:39:27+00:00","twitter_card":"summary_large_image","schema":{"@context":"https:\/\/schema.org","@graph":[{"@type":"WebPage","@id":"https:\/\/www.kaliop.com\/pl\/page-daccueil\/","url":"https:\/\/www.kaliop.com\/pl\/page-daccueil\/","name":"Kaliop - Ekspert w dziedzinie cyfrowych rozwi\u0105za\u0144 internetowych, mobilnych i marketingowych","isPartOf":{"@id":"https:\/\/www.kaliop.com\/fr\/#website"},"datePublished":"2019-01-18T10:11:13+00:00","dateModified":"2025-01-23T09:39:27+00:00","description":"Kaliop wspiera Ci\u0119 w projektowaniu, rozwoju i wydajno\u015bci Twojego cyfrowego ekosystemu: stron, e-commerce, aplikacji i marketingu.","breadcrumb":{"@id":"https:\/\/www.kaliop.com\/pl\/page-daccueil\/#breadcrumb"},"inLanguage":"pl-PL","potentialAction":[{"@type":"ReadAction","target":["https:\/\/www.kaliop.com\/pl\/page-daccueil\/"]}]},{"@type":"BreadcrumbList","@id":"https:\/\/www.kaliop.com\/pl\/page-daccueil\/#breadcrumb","itemListElement":[{"@type":"ListItem","position":1,"name":"Home","item":"https:\/\/www.kaliop.com\/pl\/page-daccueil\/"},{"@type":"ListItem","position":2,"name":"Homepage"}]},{"@type":"WebSite","@id":"https:\/\/www.kaliop.com\/fr\/#website","url":"https:\/\/www.kaliop.com\/fr\/","name":"","description":"","potentialAction":[{"@type":"SearchAction","target":{"@type":"EntryPoint","urlTemplate":"https:\/\/www.kaliop.com\/fr\/?s={search_term_string}"},"query-input":"required name=search_term_string"}],"inLanguage":"pl-PL"}]}},"_links":{"self":[{"href":"https:\/\/www.kaliop.com\/pl\/wp-json\/wp\/v2\/pages\/39907"}],"collection":[{"href":"https:\/\/www.kaliop.com\/pl\/wp-json\/wp\/v2\/pages"}],"about":[{"href":"https:\/\/www.kaliop.com\/pl\/wp-json\/wp\/v2\/types\/page"}],"author":[{"embeddable":true,"href":"https:\/\/www.kaliop.com\/pl\/wp-json\/wp\/v2\/users\/1"}],"replies":[{"embeddable":true,"href":"https:\/\/www.kaliop.com\/pl\/wp-json\/wp\/v2\/comments?post=39907"}],"version-history":[{"count":12,"href":"https:\/\/www.kaliop.com\/pl\/wp-json\/wp\/v2\/pages\/39907\/revisions"}],"predecessor-version":[{"id":46013,"href":"https:\/\/www.kaliop.com\/pl\/wp-json\/wp\/v2\/pages\/39907\/revisions\/46013"}],"wp:attachment":[{"href":"https:\/\/www.kaliop.com\/pl\/wp-json\/wp\/v2\/media?parent=39907"}],"curies":[{"name":"wp","href":"https:\/\/api.w.org\/{rel}","templated":true}]}}