{"id":39915,"date":"2019-01-18T13:14:38","date_gmt":"2019-01-18T13:14:38","guid":{"rendered":"https:\/\/www.kaliop.com\/contact\/"},"modified":"2024-08-26T06:14:44","modified_gmt":"2024-08-26T06:14:44","slug":"kontakt","status":"publish","type":"page","link":"https:\/\/www.kaliop.com\/pl\/kontakt\/","title":{"rendered":"Kontakt"},"content":{"rendered":"","protected":false},"excerpt":{"rendered":"","protected":false},"author":3,"featured_media":0,"parent":0,"menu_order":0,"comment_status":"closed","ping_status":"closed","template":"page-contact.php","meta":{"content-type":"","inline_featured_image":false},"yoast_head":"<!-- This site is optimized with the Yoast SEO plugin v19.8 - https:\/\/yoast.com\/wordpress\/plugins\/seo\/ -->\n<title>Skontaktuj si\u0119 z nami w sprawie swojego projektu<\/title>\n<meta name=\"description\" content=\"Potrzebujesz porady lub wsparcia, aby wdro\u017cy\u0107 sw\u00f3j cyfrowy projekt? Nasz zesp\u00f3\u0142 oferuje wsparcie dostosowane do Twoich potrzeb.\" \/>\n<meta name=\"robots\" content=\"index, follow, max-snippet:-1, max-image-preview:large, max-video-preview:-1\" \/>\n<link rel=\"canonical\" href=\"https:\/\/www.kaliop.com\/pl\/kontakt\/\" \/>\n<meta property=\"og:locale\" content=\"pl_PL\" \/>\n<meta property=\"og:type\" content=\"article\" \/>\n<meta property=\"og:title\" content=\"Skontaktuj si\u0119 z nami w sprawie swojego projektu\" \/>\n<meta property=\"og:description\" content=\"Potrzebujesz porady lub wsparcia, aby wdro\u017cy\u0107 sw\u00f3j cyfrowy projekt? Nasz zesp\u00f3\u0142 oferuje wsparcie dostosowane do Twoich potrzeb.\" \/>\n<meta property=\"og:url\" content=\"https:\/\/www.kaliop.com\/pl\/kontakt\/\" \/>\n<meta property=\"article:modified_time\" content=\"2024-08-26T06:14:44+00:00\" \/>\n<meta name=\"twitter:card\" content=\"summary_large_image\" \/>\n<script type=\"application\/ld+json\" class=\"yoast-schema-graph\">{\"@context\":\"https:\/\/schema.org\",\"@graph\":[{\"@type\":\"WebPage\",\"@id\":\"https:\/\/www.kaliop.com\/pl\/kontakt\/\",\"url\":\"https:\/\/www.kaliop.com\/pl\/kontakt\/\",\"name\":\"Skontaktuj si\u0119 z nami w sprawie swojego projektu\",\"isPartOf\":{\"@id\":\"https:\/\/www.kaliop.com\/fr\/#website\"},\"datePublished\":\"2019-01-18T13:14:38+00:00\",\"dateModified\":\"2024-08-26T06:14:44+00:00\",\"description\":\"Potrzebujesz porady lub wsparcia, aby wdro\u017cy\u0107 sw\u00f3j cyfrowy projekt? Nasz zesp\u00f3\u0142 oferuje wsparcie dostosowane do Twoich potrzeb.\",\"breadcrumb\":{\"@id\":\"https:\/\/www.kaliop.com\/pl\/kontakt\/#breadcrumb\"},\"inLanguage\":\"pl-PL\",\"potentialAction\":[{\"@type\":\"ReadAction\",\"target\":[\"https:\/\/www.kaliop.com\/pl\/kontakt\/\"]}]},{\"@type\":\"BreadcrumbList\",\"@id\":\"https:\/\/www.kaliop.com\/pl\/kontakt\/#breadcrumb\",\"itemListElement\":[{\"@type\":\"ListItem\",\"position\":1,\"name\":\"Home\",\"item\":\"https:\/\/www.kaliop.com\/pl\/page-daccueil\/\"},{\"@type\":\"ListItem\",\"position\":2,\"name\":\"Kontakt\"}]},{\"@type\":\"WebSite\",\"@id\":\"https:\/\/www.kaliop.com\/fr\/#website\",\"url\":\"https:\/\/www.kaliop.com\/fr\/\",\"name\":\"\",\"description\":\"\",\"potentialAction\":[{\"@type\":\"SearchAction\",\"target\":{\"@type\":\"EntryPoint\",\"urlTemplate\":\"https:\/\/www.kaliop.com\/fr\/?s={search_term_string}\"},\"query-input\":\"required name=search_term_string\"}],\"inLanguage\":\"pl-PL\"}]}<\/script>\n<!-- \/ Yoast SEO plugin. -->","yoast_head_json":{"title":"Skontaktuj si\u0119 z nami w sprawie swojego projektu","description":"Potrzebujesz porady lub wsparcia, aby wdro\u017cy\u0107 sw\u00f3j cyfrowy projekt? Nasz zesp\u00f3\u0142 oferuje wsparcie dostosowane do Twoich potrzeb.","robots":{"index":"index","follow":"follow","max-snippet":"max-snippet:-1","max-image-preview":"max-image-preview:large","max-video-preview":"max-video-preview:-1"},"canonical":"https:\/\/www.kaliop.com\/pl\/kontakt\/","og_locale":"pl_PL","og_type":"article","og_title":"Skontaktuj si\u0119 z nami w sprawie swojego projektu","og_description":"Potrzebujesz porady lub wsparcia, aby wdro\u017cy\u0107 sw\u00f3j cyfrowy projekt? Nasz zesp\u00f3\u0142 oferuje wsparcie dostosowane do Twoich potrzeb.","og_url":"https:\/\/www.kaliop.com\/pl\/kontakt\/","article_modified_time":"2024-08-26T06:14:44+00:00","twitter_card":"summary_large_image","schema":{"@context":"https:\/\/schema.org","@graph":[{"@type":"WebPage","@id":"https:\/\/www.kaliop.com\/pl\/kontakt\/","url":"https:\/\/www.kaliop.com\/pl\/kontakt\/","name":"Skontaktuj si\u0119 z nami w sprawie swojego projektu","isPartOf":{"@id":"https:\/\/www.kaliop.com\/fr\/#website"},"datePublished":"2019-01-18T13:14:38+00:00","dateModified":"2024-08-26T06:14:44+00:00","description":"Potrzebujesz porady lub wsparcia, aby wdro\u017cy\u0107 sw\u00f3j cyfrowy projekt? Nasz zesp\u00f3\u0142 oferuje wsparcie dostosowane do Twoich potrzeb.","breadcrumb":{"@id":"https:\/\/www.kaliop.com\/pl\/kontakt\/#breadcrumb"},"inLanguage":"pl-PL","potentialAction":[{"@type":"ReadAction","target":["https:\/\/www.kaliop.com\/pl\/kontakt\/"]}]},{"@type":"BreadcrumbList","@id":"https:\/\/www.kaliop.com\/pl\/kontakt\/#breadcrumb","itemListElement":[{"@type":"ListItem","position":1,"name":"Home","item":"https:\/\/www.kaliop.com\/pl\/page-daccueil\/"},{"@type":"ListItem","position":2,"name":"Kontakt"}]},{"@type":"WebSite","@id":"https:\/\/www.kaliop.com\/fr\/#website","url":"https:\/\/www.kaliop.com\/fr\/","name":"","description":"","potentialAction":[{"@type":"SearchAction","target":{"@type":"EntryPoint","urlTemplate":"https:\/\/www.kaliop.com\/fr\/?s={search_term_string}"},"query-input":"required name=search_term_string"}],"inLanguage":"pl-PL"}]}},"_links":{"self":[{"href":"https:\/\/www.kaliop.com\/pl\/wp-json\/wp\/v2\/pages\/39915"}],"collection":[{"href":"https:\/\/www.kaliop.com\/pl\/wp-json\/wp\/v2\/pages"}],"about":[{"href":"https:\/\/www.kaliop.com\/pl\/wp-json\/wp\/v2\/types\/page"}],"author":[{"embeddable":true,"href":"https:\/\/www.kaliop.com\/pl\/wp-json\/wp\/v2\/users\/3"}],"replies":[{"embeddable":true,"href":"https:\/\/www.kaliop.com\/pl\/wp-json\/wp\/v2\/comments?post=39915"}],"version-history":[{"count":49,"href":"https:\/\/www.kaliop.com\/pl\/wp-json\/wp\/v2\/pages\/39915\/revisions"}],"predecessor-version":[{"id":44974,"href":"https:\/\/www.kaliop.com\/pl\/wp-json\/wp\/v2\/pages\/39915\/revisions\/44974"}],"wp:attachment":[{"href":"https:\/\/www.kaliop.com\/pl\/wp-json\/wp\/v2\/media?parent=39915"}],"curies":[{"name":"wp","href":"https:\/\/api.w.org\/{rel}","templated":true}]}}