{"id":40205,"date":"2023-03-13T13:25:23","date_gmt":"2023-03-13T13:25:23","guid":{"rendered":"https:\/\/www.kaliop.com\/?page_id=40205"},"modified":"2023-08-17T12:39:42","modified_gmt":"2023-08-17T12:39:42","slug":"praca","status":"publish","type":"page","link":"https:\/\/www.kaliop.com\/pl\/praca\/","title":{"rendered":"Praca"},"content":{"rendered":"","protected":false},"excerpt":{"rendered":"","protected":false},"author":115,"featured_media":0,"parent":0,"menu_order":0,"comment_status":"closed","ping_status":"closed","template":"page-rh.php","meta":{"content-type":"","inline_featured_image":false},"yoast_head":"<!-- This site is optimized with the Yoast SEO plugin v19.8 - https:\/\/yoast.com\/wordpress\/plugins\/seo\/ -->\n<title>Zatrudniamy uzale\u017cnionych od cyfrowych rozwi\u0105za\u0144.<\/title>\n<meta name=\"description\" content=\"Kaliop nieustannie rekrutuje osoby uzale\u017cnione od cyfrowych rozwi\u0105za\u0144, zgodnie z naszym DNA i zobowi\u0105zaniami. Odkryj nasze oferty pracy.\" \/>\n<meta name=\"robots\" content=\"index, follow, max-snippet:-1, max-image-preview:large, max-video-preview:-1\" \/>\n<link rel=\"canonical\" href=\"https:\/\/www.kaliop.com\/pl\/praca\/\" \/>\n<meta property=\"og:locale\" content=\"pl_PL\" \/>\n<meta property=\"og:type\" content=\"article\" \/>\n<meta property=\"og:title\" content=\"Zatrudniamy uzale\u017cnionych od cyfrowych rozwi\u0105za\u0144.\" \/>\n<meta property=\"og:description\" content=\"Kaliop nieustannie rekrutuje osoby uzale\u017cnione od cyfrowych rozwi\u0105za\u0144, zgodnie z naszym DNA i zobowi\u0105zaniami. Odkryj nasze oferty pracy.\" \/>\n<meta property=\"og:url\" content=\"https:\/\/www.kaliop.com\/pl\/praca\/\" \/>\n<meta property=\"article:modified_time\" content=\"2023-08-17T12:39:42+00:00\" \/>\n<meta name=\"twitter:card\" content=\"summary_large_image\" \/>\n<script type=\"application\/ld+json\" class=\"yoast-schema-graph\">{\"@context\":\"https:\/\/schema.org\",\"@graph\":[{\"@type\":\"WebPage\",\"@id\":\"https:\/\/www.kaliop.com\/pl\/praca\/\",\"url\":\"https:\/\/www.kaliop.com\/pl\/praca\/\",\"name\":\"Zatrudniamy uzale\u017cnionych od cyfrowych rozwi\u0105za\u0144.\",\"isPartOf\":{\"@id\":\"https:\/\/www.kaliop.com\/fr\/#website\"},\"datePublished\":\"2023-03-13T13:25:23+00:00\",\"dateModified\":\"2023-08-17T12:39:42+00:00\",\"description\":\"Kaliop nieustannie rekrutuje osoby uzale\u017cnione od cyfrowych rozwi\u0105za\u0144, zgodnie z naszym DNA i zobowi\u0105zaniami. Odkryj nasze oferty pracy.\",\"breadcrumb\":{\"@id\":\"https:\/\/www.kaliop.com\/pl\/praca\/#breadcrumb\"},\"inLanguage\":\"pl-PL\",\"potentialAction\":[{\"@type\":\"ReadAction\",\"target\":[\"https:\/\/www.kaliop.com\/pl\/praca\/\"]}]},{\"@type\":\"BreadcrumbList\",\"@id\":\"https:\/\/www.kaliop.com\/pl\/praca\/#breadcrumb\",\"itemListElement\":[{\"@type\":\"ListItem\",\"position\":1,\"name\":\"Home\",\"item\":\"https:\/\/www.kaliop.com\/pl\/page-daccueil\/\"},{\"@type\":\"ListItem\",\"position\":2,\"name\":\"Praca\"}]},{\"@type\":\"WebSite\",\"@id\":\"https:\/\/www.kaliop.com\/fr\/#website\",\"url\":\"https:\/\/www.kaliop.com\/fr\/\",\"name\":\"\",\"description\":\"\",\"potentialAction\":[{\"@type\":\"SearchAction\",\"target\":{\"@type\":\"EntryPoint\",\"urlTemplate\":\"https:\/\/www.kaliop.com\/fr\/?s={search_term_string}\"},\"query-input\":\"required name=search_term_string\"}],\"inLanguage\":\"pl-PL\"}]}<\/script>\n<!-- \/ Yoast SEO plugin. -->","yoast_head_json":{"title":"Zatrudniamy uzale\u017cnionych od cyfrowych rozwi\u0105za\u0144.","description":"Kaliop nieustannie rekrutuje osoby uzale\u017cnione od cyfrowych rozwi\u0105za\u0144, zgodnie z naszym DNA i zobowi\u0105zaniami. Odkryj nasze oferty pracy.","robots":{"index":"index","follow":"follow","max-snippet":"max-snippet:-1","max-image-preview":"max-image-preview:large","max-video-preview":"max-video-preview:-1"},"canonical":"https:\/\/www.kaliop.com\/pl\/praca\/","og_locale":"pl_PL","og_type":"article","og_title":"Zatrudniamy uzale\u017cnionych od cyfrowych rozwi\u0105za\u0144.","og_description":"Kaliop nieustannie rekrutuje osoby uzale\u017cnione od cyfrowych rozwi\u0105za\u0144, zgodnie z naszym DNA i zobowi\u0105zaniami. Odkryj nasze oferty pracy.","og_url":"https:\/\/www.kaliop.com\/pl\/praca\/","article_modified_time":"2023-08-17T12:39:42+00:00","twitter_card":"summary_large_image","schema":{"@context":"https:\/\/schema.org","@graph":[{"@type":"WebPage","@id":"https:\/\/www.kaliop.com\/pl\/praca\/","url":"https:\/\/www.kaliop.com\/pl\/praca\/","name":"Zatrudniamy uzale\u017cnionych od cyfrowych rozwi\u0105za\u0144.","isPartOf":{"@id":"https:\/\/www.kaliop.com\/fr\/#website"},"datePublished":"2023-03-13T13:25:23+00:00","dateModified":"2023-08-17T12:39:42+00:00","description":"Kaliop nieustannie rekrutuje osoby uzale\u017cnione od cyfrowych rozwi\u0105za\u0144, zgodnie z naszym DNA i zobowi\u0105zaniami. Odkryj nasze oferty pracy.","breadcrumb":{"@id":"https:\/\/www.kaliop.com\/pl\/praca\/#breadcrumb"},"inLanguage":"pl-PL","potentialAction":[{"@type":"ReadAction","target":["https:\/\/www.kaliop.com\/pl\/praca\/"]}]},{"@type":"BreadcrumbList","@id":"https:\/\/www.kaliop.com\/pl\/praca\/#breadcrumb","itemListElement":[{"@type":"ListItem","position":1,"name":"Home","item":"https:\/\/www.kaliop.com\/pl\/page-daccueil\/"},{"@type":"ListItem","position":2,"name":"Praca"}]},{"@type":"WebSite","@id":"https:\/\/www.kaliop.com\/fr\/#website","url":"https:\/\/www.kaliop.com\/fr\/","name":"","description":"","potentialAction":[{"@type":"SearchAction","target":{"@type":"EntryPoint","urlTemplate":"https:\/\/www.kaliop.com\/fr\/?s={search_term_string}"},"query-input":"required name=search_term_string"}],"inLanguage":"pl-PL"}]}},"_links":{"self":[{"href":"https:\/\/www.kaliop.com\/pl\/wp-json\/wp\/v2\/pages\/40205"}],"collection":[{"href":"https:\/\/www.kaliop.com\/pl\/wp-json\/wp\/v2\/pages"}],"about":[{"href":"https:\/\/www.kaliop.com\/pl\/wp-json\/wp\/v2\/types\/page"}],"author":[{"embeddable":true,"href":"https:\/\/www.kaliop.com\/pl\/wp-json\/wp\/v2\/users\/115"}],"replies":[{"embeddable":true,"href":"https:\/\/www.kaliop.com\/pl\/wp-json\/wp\/v2\/comments?post=40205"}],"version-history":[{"count":18,"href":"https:\/\/www.kaliop.com\/pl\/wp-json\/wp\/v2\/pages\/40205\/revisions"}],"predecessor-version":[{"id":41791,"href":"https:\/\/www.kaliop.com\/pl\/wp-json\/wp\/v2\/pages\/40205\/revisions\/41791"}],"wp:attachment":[{"href":"https:\/\/www.kaliop.com\/pl\/wp-json\/wp\/v2\/media?parent=40205"}],"curies":[{"name":"wp","href":"https:\/\/api.w.org\/{rel}","templated":true}]}}