{"id":40352,"date":"2023-03-13T13:20:57","date_gmt":"2023-03-13T13:20:57","guid":{"rendered":"https:\/\/www.kaliop.com\/?page_id=40352"},"modified":"2023-06-06T12:48:51","modified_gmt":"2023-06-06T12:48:51","slug":"rozwiazania-ecommerce","status":"publish","type":"page","link":"https:\/\/www.kaliop.com\/pl\/rozwiazania-ecommerce\/","title":{"rendered":"Nasi partnerzy w E-Commerce"},"content":{"rendered":"","protected":false},"excerpt":{"rendered":"","protected":false},"author":115,"featured_media":0,"parent":0,"menu_order":0,"comment_status":"closed","ping_status":"closed","template":"page-edito.php","meta":{"content-type":"","inline_featured_image":false},"yoast_head":"<!-- This site is optimized with the Yoast SEO plugin v19.8 - https:\/\/yoast.com\/wordpress\/plugins\/seo\/ -->\n<title>Rozwi\u0105zania technologiczne dla Digital Commerce | Kaliop<\/title>\n<meta name=\"description\" content=\"Poznaj najlepsze innowacyjne rozwi\u0105zania technologiczne dla Twoich projekt\u00f3w ecommerce: CMS, p\u0142atno\u015bci, marketplace, merchandising....\" \/>\n<meta name=\"robots\" content=\"index, follow, max-snippet:-1, max-image-preview:large, max-video-preview:-1\" \/>\n<link rel=\"canonical\" href=\"https:\/\/www.kaliop.com\/pl\/rozwiazania-ecommerce\/\" \/>\n<meta property=\"og:locale\" content=\"pl_PL\" \/>\n<meta property=\"og:type\" content=\"article\" \/>\n<meta property=\"og:title\" content=\"Rozwi\u0105zania technologiczne dla Digital Commerce | Kaliop\" \/>\n<meta property=\"og:description\" content=\"Poznaj najlepsze innowacyjne rozwi\u0105zania technologiczne dla Twoich projekt\u00f3w ecommerce: CMS, p\u0142atno\u015bci, marketplace, merchandising....\" \/>\n<meta property=\"og:url\" content=\"https:\/\/www.kaliop.com\/pl\/rozwiazania-ecommerce\/\" \/>\n<meta property=\"article:modified_time\" content=\"2023-06-06T12:48:51+00:00\" \/>\n<meta name=\"twitter:card\" content=\"summary_large_image\" \/>\n<script type=\"application\/ld+json\" class=\"yoast-schema-graph\">{\"@context\":\"https:\/\/schema.org\",\"@graph\":[{\"@type\":\"WebPage\",\"@id\":\"https:\/\/www.kaliop.com\/pl\/rozwiazania-ecommerce\/\",\"url\":\"https:\/\/www.kaliop.com\/pl\/rozwiazania-ecommerce\/\",\"name\":\"Rozwi\u0105zania technologiczne dla Digital Commerce | Kaliop\",\"isPartOf\":{\"@id\":\"https:\/\/www.kaliop.com\/fr\/#website\"},\"datePublished\":\"2023-03-13T13:20:57+00:00\",\"dateModified\":\"2023-06-06T12:48:51+00:00\",\"description\":\"Poznaj najlepsze innowacyjne rozwi\u0105zania technologiczne dla Twoich projekt\u00f3w ecommerce: CMS, p\u0142atno\u015bci, marketplace, merchandising....\",\"breadcrumb\":{\"@id\":\"https:\/\/www.kaliop.com\/pl\/rozwiazania-ecommerce\/#breadcrumb\"},\"inLanguage\":\"pl-PL\",\"potentialAction\":[{\"@type\":\"ReadAction\",\"target\":[\"https:\/\/www.kaliop.com\/pl\/rozwiazania-ecommerce\/\"]}]},{\"@type\":\"BreadcrumbList\",\"@id\":\"https:\/\/www.kaliop.com\/pl\/rozwiazania-ecommerce\/#breadcrumb\",\"itemListElement\":[{\"@type\":\"ListItem\",\"position\":1,\"name\":\"Home\",\"item\":\"https:\/\/www.kaliop.com\/pl\/page-daccueil\/\"},{\"@type\":\"ListItem\",\"position\":2,\"name\":\"Nasi partnerzy w E-Commerce\"}]},{\"@type\":\"WebSite\",\"@id\":\"https:\/\/www.kaliop.com\/fr\/#website\",\"url\":\"https:\/\/www.kaliop.com\/fr\/\",\"name\":\"\",\"description\":\"\",\"potentialAction\":[{\"@type\":\"SearchAction\",\"target\":{\"@type\":\"EntryPoint\",\"urlTemplate\":\"https:\/\/www.kaliop.com\/fr\/?s={search_term_string}\"},\"query-input\":\"required name=search_term_string\"}],\"inLanguage\":\"pl-PL\"}]}<\/script>\n<!-- \/ Yoast SEO plugin. -->","yoast_head_json":{"title":"Rozwi\u0105zania technologiczne dla Digital Commerce | Kaliop","description":"Poznaj najlepsze innowacyjne rozwi\u0105zania technologiczne dla Twoich projekt\u00f3w ecommerce: CMS, p\u0142atno\u015bci, marketplace, merchandising....","robots":{"index":"index","follow":"follow","max-snippet":"max-snippet:-1","max-image-preview":"max-image-preview:large","max-video-preview":"max-video-preview:-1"},"canonical":"https:\/\/www.kaliop.com\/pl\/rozwiazania-ecommerce\/","og_locale":"pl_PL","og_type":"article","og_title":"Rozwi\u0105zania technologiczne dla Digital Commerce | Kaliop","og_description":"Poznaj najlepsze innowacyjne rozwi\u0105zania technologiczne dla Twoich projekt\u00f3w ecommerce: CMS, p\u0142atno\u015bci, marketplace, merchandising....","og_url":"https:\/\/www.kaliop.com\/pl\/rozwiazania-ecommerce\/","article_modified_time":"2023-06-06T12:48:51+00:00","twitter_card":"summary_large_image","schema":{"@context":"https:\/\/schema.org","@graph":[{"@type":"WebPage","@id":"https:\/\/www.kaliop.com\/pl\/rozwiazania-ecommerce\/","url":"https:\/\/www.kaliop.com\/pl\/rozwiazania-ecommerce\/","name":"Rozwi\u0105zania technologiczne dla Digital Commerce | Kaliop","isPartOf":{"@id":"https:\/\/www.kaliop.com\/fr\/#website"},"datePublished":"2023-03-13T13:20:57+00:00","dateModified":"2023-06-06T12:48:51+00:00","description":"Poznaj najlepsze innowacyjne rozwi\u0105zania technologiczne dla Twoich projekt\u00f3w ecommerce: CMS, p\u0142atno\u015bci, marketplace, merchandising....","breadcrumb":{"@id":"https:\/\/www.kaliop.com\/pl\/rozwiazania-ecommerce\/#breadcrumb"},"inLanguage":"pl-PL","potentialAction":[{"@type":"ReadAction","target":["https:\/\/www.kaliop.com\/pl\/rozwiazania-ecommerce\/"]}]},{"@type":"BreadcrumbList","@id":"https:\/\/www.kaliop.com\/pl\/rozwiazania-ecommerce\/#breadcrumb","itemListElement":[{"@type":"ListItem","position":1,"name":"Home","item":"https:\/\/www.kaliop.com\/pl\/page-daccueil\/"},{"@type":"ListItem","position":2,"name":"Nasi partnerzy w E-Commerce"}]},{"@type":"WebSite","@id":"https:\/\/www.kaliop.com\/fr\/#website","url":"https:\/\/www.kaliop.com\/fr\/","name":"","description":"","potentialAction":[{"@type":"SearchAction","target":{"@type":"EntryPoint","urlTemplate":"https:\/\/www.kaliop.com\/fr\/?s={search_term_string}"},"query-input":"required name=search_term_string"}],"inLanguage":"pl-PL"}]}},"_links":{"self":[{"href":"https:\/\/www.kaliop.com\/pl\/wp-json\/wp\/v2\/pages\/40352"}],"collection":[{"href":"https:\/\/www.kaliop.com\/pl\/wp-json\/wp\/v2\/pages"}],"about":[{"href":"https:\/\/www.kaliop.com\/pl\/wp-json\/wp\/v2\/types\/page"}],"author":[{"embeddable":true,"href":"https:\/\/www.kaliop.com\/pl\/wp-json\/wp\/v2\/users\/115"}],"replies":[{"embeddable":true,"href":"https:\/\/www.kaliop.com\/pl\/wp-json\/wp\/v2\/comments?post=40352"}],"version-history":[{"count":18,"href":"https:\/\/www.kaliop.com\/pl\/wp-json\/wp\/v2\/pages\/40352\/revisions"}],"predecessor-version":[{"id":41247,"href":"https:\/\/www.kaliop.com\/pl\/wp-json\/wp\/v2\/pages\/40352\/revisions\/41247"}],"wp:attachment":[{"href":"https:\/\/www.kaliop.com\/pl\/wp-json\/wp\/v2\/media?parent=40352"}],"curies":[{"name":"wp","href":"https:\/\/api.w.org\/{rel}","templated":true}]}}